{"id":11758,"date":"2025-02-05T15:45:58","date_gmt":"2025-02-05T14:45:58","guid":{"rendered":"https:\/\/www.sejoya.fr\/recrutement-corse\/"},"modified":"2025-11-04T12:21:49","modified_gmt":"2025-11-04T11:21:49","slug":"rekrutierung-korsika","status":"publish","type":"page","link":"https:\/\/www.sejoya.fr\/de\/rekrutierung-korsika\/","title":{"rendered":"Rekrutierung"},"content":{"rendered":"\n<section class=\"wp-block-group home-seventh section-one is-layout-flow wp-block-group-is-layout-flow\" style=\"margin-top:var(--wp--preset--spacing--50);margin-bottom:var(--wp--preset--spacing--50);padding-right:0rem;padding-left:2rem\">\n<div class=\"wp-block-columns are-vertically-aligned-center gt-no-padding-mobile is-layout-flex wp-container-core-columns-is-layout-f5462cee wp-block-columns-is-layout-flex\" style=\"padding-left:10rem\">\n<div class=\"wp-block-column is-vertically-aligned-center is-layout-flow wp-block-column-is-layout-flow\" style=\"flex-basis:35%\">\n<h1 class=\"wp-block-heading\">S\u00e9joya-Einrichtungen,<br\/><strong>Werden Sie Teil unseres Teams<\/strong><\/h1>\n\n\n\n<p>Sie suchen <strong>einen Job auf einem Campingplatz oder in einer Ferienanlage<\/strong>? <br\/><br\/>Entdecken Sie <strong>unsere aktuellen Stellenangebote<\/strong> und <strong>unsere Arbeitswerte<\/strong> bei der unabh\u00e4ngigen und familiengef\u00fchrten <a href=\"https:\/\/www.sejoya.fr\/de\/\">S\u00e9joya-Gruppe<\/a> auf Korsika, in der sch\u00f6nen Stadt Calvi.  <\/p>\n<\/div>\n\n\n\n<div class=\"wp-block-column is-vertically-aligned-center is-layout-flow wp-block-column-is-layout-flow\" style=\"flex-basis:65%\">\n<div class=\"wp-block-group is-nowrap is-layout-flex wp-container-core-group-is-layout-6c531013 wp-block-group-is-layout-flex\">\n<figure data-wp-context=\"{&quot;imageId&quot;:&quot;69fa37f8dc542&quot;}\" data-wp-interactive=\"core\/image\" data-wp-key=\"69fa37f8dc542\" class=\"wp-block-image size-full is-resized gt-gsap-fadeIn wp-lightbox-container\"><img data-dominant-color=\"676153\" data-has-transparency=\"false\" decoding=\"async\" width=\"344\" height=\"675\" data-wp-class--hide=\"state.isContentHidden\" data-wp-class--show=\"state.isContentVisible\" data-wp-init=\"callbacks.setButtonStyles\" data-wp-on--click=\"actions.showLightbox\" data-wp-on--load=\"callbacks.setButtonStyles\" data-wp-on-window--resize=\"callbacks.setButtonStyles\" src=\"https:\/\/www.sejoya.fr\/wp-content\/uploads\/2025\/02\/rejoignez-nos-equipes-des-etablissements-sejoya.webp\" alt=\"Werden Sie Teil unseres Teams in den Sejoya Einrichtungen.\" class=\"wp-image-10183 not-transparent\" style=\"--dominant-color: #676153; width:auto;height:675px\" srcset=\"https:\/\/www.sejoya.fr\/wp-content\/uploads\/2025\/02\/rejoignez-nos-equipes-des-etablissements-sejoya.webp 344w, https:\/\/www.sejoya.fr\/wp-content\/uploads\/2025\/02\/rejoignez-nos-equipes-des-etablissements-sejoya-153x300.webp 153w\" sizes=\"(max-width: 344px) 100vw, 344px\" \/><button\n\t\t\tclass=\"lightbox-trigger\"\n\t\t\ttype=\"button\"\n\t\t\taria-haspopup=\"dialog\"\n\t\t\taria-label=\"Vergr\u00f6\u00dfern\"\n\t\t\tdata-wp-init=\"callbacks.initTriggerButton\"\n\t\t\tdata-wp-on--click=\"actions.showLightbox\"\n\t\t\tdata-wp-style--right=\"state.imageButtonRight\"\n\t\t\tdata-wp-style--top=\"state.imageButtonTop\"\n\t\t>\n\t\t\t<svg xmlns=\"http:\/\/www.w3.org\/2000\/svg\" width=\"12\" height=\"12\" fill=\"none\" viewBox=\"0 0 12 12\">\n\t\t\t\t<path fill=\"#fff\" d=\"M2 0a2 2 0 0 0-2 2v2h1.5V2a.5.5 0 0 1 .5-.5h2V0H2Zm2 10.5H2a.5.5 0 0 1-.5-.5V8H0v2a2 2 0 0 0 2 2h2v-1.5ZM8 12v-1.5h2a.5.5 0 0 0 .5-.5V8H12v2a2 2 0 0 1-2 2H8Zm2-12a2 2 0 0 1 2 2v2h-1.5V2a.5.5 0 0 0-.5-.5H8V0h2Z\" \/>\n\t\t\t<\/svg>\n\t\t<\/button><\/figure>\n\n\n\n<figure data-wp-context=\"{&quot;imageId&quot;:&quot;69fa37f8dc8f3&quot;}\" data-wp-interactive=\"core\/image\" data-wp-key=\"69fa37f8dc8f3\" class=\"wp-block-image size-full is-resized gt-gsap-fadeIn wp-lightbox-container\"><img data-dominant-color=\"746d6a\" data-has-transparency=\"false\" decoding=\"async\" width=\"344\" height=\"800\" data-wp-class--hide=\"state.isContentHidden\" data-wp-class--show=\"state.isContentVisible\" data-wp-init=\"callbacks.setButtonStyles\" data-wp-on--click=\"actions.showLightbox\" data-wp-on--load=\"callbacks.setButtonStyles\" data-wp-on-window--resize=\"callbacks.setButtonStyles\" src=\"https:\/\/www.sejoya.fr\/wp-content\/uploads\/2025\/02\/emploi-en-camping.webp\" alt=\"Besch&#xE4;ftigung auf dem Campingplatz\" class=\"wp-image-10187 not-transparent\" style=\"--dominant-color: #746d6a; width:auto;height:800px\" srcset=\"https:\/\/www.sejoya.fr\/wp-content\/uploads\/2025\/02\/emploi-en-camping.webp 344w, https:\/\/www.sejoya.fr\/wp-content\/uploads\/2025\/02\/emploi-en-camping-129x300.webp 129w\" sizes=\"(max-width: 344px) 100vw, 344px\" \/><button\n\t\t\tclass=\"lightbox-trigger\"\n\t\t\ttype=\"button\"\n\t\t\taria-haspopup=\"dialog\"\n\t\t\taria-label=\"Vergr\u00f6\u00dfern\"\n\t\t\tdata-wp-init=\"callbacks.initTriggerButton\"\n\t\t\tdata-wp-on--click=\"actions.showLightbox\"\n\t\t\tdata-wp-style--right=\"state.imageButtonRight\"\n\t\t\tdata-wp-style--top=\"state.imageButtonTop\"\n\t\t>\n\t\t\t<svg xmlns=\"http:\/\/www.w3.org\/2000\/svg\" width=\"12\" height=\"12\" fill=\"none\" viewBox=\"0 0 12 12\">\n\t\t\t\t<path fill=\"#fff\" d=\"M2 0a2 2 0 0 0-2 2v2h1.5V2a.5.5 0 0 1 .5-.5h2V0H2Zm2 10.5H2a.5.5 0 0 1-.5-.5V8H0v2a2 2 0 0 0 2 2h2v-1.5ZM8 12v-1.5h2a.5.5 0 0 0 .5-.5V8H12v2a2 2 0 0 1-2 2H8Zm2-12a2 2 0 0 1 2 2v2h-1.5V2a.5.5 0 0 0-.5-.5H8V0h2Z\" \/>\n\t\t\t<\/svg>\n\t\t<\/button><\/figure>\n\n\n\n<figure data-wp-context=\"{&quot;imageId&quot;:&quot;69fa37f8dcc3f&quot;}\" data-wp-interactive=\"core\/image\" data-wp-key=\"69fa37f8dcc3f\" class=\"wp-block-image size-full is-resized gt-gsap-fadeIn wp-lightbox-container\"><img data-dominant-color=\"496375\" data-has-transparency=\"false\" decoding=\"async\" width=\"344\" height=\"900\" data-wp-class--hide=\"state.isContentHidden\" data-wp-class--show=\"state.isContentVisible\" data-wp-init=\"callbacks.setButtonStyles\" data-wp-on--click=\"actions.showLightbox\" data-wp-on--load=\"callbacks.setButtonStyles\" data-wp-on-window--resize=\"callbacks.setButtonStyles\" src=\"https:\/\/www.sejoya.fr\/wp-content\/uploads\/2025\/02\/la-belle-ville-de-calvi.webp\" alt=\"die sch&#xF6;ne Stadt Calvi\" class=\"wp-image-10191 not-transparent\" style=\"--dominant-color: #496375; width:auto;height:900px\" srcset=\"https:\/\/www.sejoya.fr\/wp-content\/uploads\/2025\/02\/la-belle-ville-de-calvi.webp 344w, https:\/\/www.sejoya.fr\/wp-content\/uploads\/2025\/02\/la-belle-ville-de-calvi-115x300.webp 115w\" sizes=\"(max-width: 344px) 100vw, 344px\" \/><button\n\t\t\tclass=\"lightbox-trigger\"\n\t\t\ttype=\"button\"\n\t\t\taria-haspopup=\"dialog\"\n\t\t\taria-label=\"Vergr\u00f6\u00dfern\"\n\t\t\tdata-wp-init=\"callbacks.initTriggerButton\"\n\t\t\tdata-wp-on--click=\"actions.showLightbox\"\n\t\t\tdata-wp-style--right=\"state.imageButtonRight\"\n\t\t\tdata-wp-style--top=\"state.imageButtonTop\"\n\t\t>\n\t\t\t<svg xmlns=\"http:\/\/www.w3.org\/2000\/svg\" width=\"12\" height=\"12\" fill=\"none\" viewBox=\"0 0 12 12\">\n\t\t\t\t<path fill=\"#fff\" d=\"M2 0a2 2 0 0 0-2 2v2h1.5V2a.5.5 0 0 1 .5-.5h2V0H2Zm2 10.5H2a.5.5 0 0 1-.5-.5V8H0v2a2 2 0 0 0 2 2h2v-1.5ZM8 12v-1.5h2a.5.5 0 0 0 .5-.5V8H12v2a2 2 0 0 1-2 2H8Zm2-12a2 2 0 0 1 2 2v2h-1.5V2a.5.5 0 0 0-.5-.5H8V0h2Z\" \/>\n\t\t\t<\/svg>\n\t\t<\/button><\/figure>\n<\/div>\n<\/div>\n<\/div>\n<\/section>\n\n<section class=\"wp-block-group home-fifth section-two is-layout-flow wp-block-group-is-layout-flow\" style=\"padding-right:var(--wp--preset--spacing--40);padding-left:var(--wp--preset--spacing--40)\">\n<div class=\"wp-block-columns are-vertically-aligned-center is-layout-flex wp-container-core-columns-is-layout-28232c24 wp-block-columns-is-layout-flex\">\n<div class=\"wp-block-column is-vertically-aligned-center column-right is-layout-flow wp-block-column-is-layout-flow\" style=\"flex-basis:66.66%\">\n<figure class=\"wp-block-image size-full\" style=\"margin-bottom:var(--wp--preset--spacing--30)\"><img data-dominant-color=\"585722\" data-has-transparency=\"false\" decoding=\"async\" width=\"1183\" height=\"1000\" src=\"https:\/\/www.sejoya.fr\/wp-content\/uploads\/2025\/02\/nos-valeurs-et-notre-approche-de-travail.webp\" alt=\"unsere Werte und unser Arbeitsansatz\" class=\"wp-image-10196 not-transparent\" style=\"--dominant-color: #585722; object-fit:cover\" srcset=\"https:\/\/www.sejoya.fr\/wp-content\/uploads\/2025\/02\/nos-valeurs-et-notre-approche-de-travail.webp 1183w, https:\/\/www.sejoya.fr\/wp-content\/uploads\/2025\/02\/nos-valeurs-et-notre-approche-de-travail-300x254.webp 300w, https:\/\/www.sejoya.fr\/wp-content\/uploads\/2025\/02\/nos-valeurs-et-notre-approche-de-travail-1024x866.webp 1024w, https:\/\/www.sejoya.fr\/wp-content\/uploads\/2025\/02\/nos-valeurs-et-notre-approche-de-travail-768x649.webp 768w\" sizes=\"(max-width: 1183px) 100vw, 1183px\" \/><\/figure>\n<\/div>\n\n\n\n<div class=\"wp-block-column is-vertically-aligned-center column-left is-layout-flow wp-block-column-is-layout-flow\" style=\"padding-right:0;padding-left:0;flex-basis:33.33%\">\n<div class=\"wp-block-group gt-gsap-parallaxDown has-base-background-color has-background gt-no-padding-mobile is-layout-flow wp-block-group-is-layout-flow\" style=\"margin-bottom:var(--wp--preset--spacing--30);padding-top:var(--wp--preset--spacing--50);padding-right:6rem;padding-bottom:var(--wp--preset--spacing--50);padding-left:6rem\">\n<h2 class=\"wp-block-heading\"><strong>Unsere Werte<\/strong> <br\/>und unser Arbeitsansatz<\/h2>\n\n\n\n<p>Bei S\u00e9joya stehen <strong>unsere Werte<\/strong> im Mittelpunkt unseres Engagements: <strong>Authentizit\u00e4t, Freundlichkeit und Respekt f\u00fcr die Natur<\/strong>. Wir glauben, dass ein <g id=\"gid_2\">eingespieltes, wohlwollendes und motiviertes Team<\/g> der Schl\u00fcssel zu einem unvergesslichen Urlaubserlebnis f\u00fcr unsere G\u00e4ste ist. Bei S\u00e9joya zu arbeiten bedeutet, Teil einer Gemeinschaft zu sein, in der <g id=\"gid_3\">jedes Mitglied gesch\u00e4tzt, angeh\u00f6rt und ermutigt wird<\/g>, zu unserer gemeinsamen Mission beizutragen. <br\/>Unser Arbeitsansatz basiert auf <g id=\"gid_4\">Zusammenarbeit<\/g> und der <g id=\"gid_5\">Leidenschaft f\u00fcr Gastfreundschaft<\/g>. Wir lieben es, in einem dynamischen Umfeld zu arbeiten, in Kontakt mit der Natur und unseren G\u00e4sten, um einzigartige und authentische Momente zu schaffen. Der Geist von S\u00e9joya bedeutet auch, dass wir jeden Tag mit anderen teilen und l\u00e4cheln, damit jeder Aufenthalt zu einem unvergesslichen Erlebnis wird, sowohl f\u00fcr unsere G\u00e4ste als auch f\u00fcr unser Team.    <\/p>\n<\/div>\n<\/div>\n<\/div>\n<\/section>\n\n<section class=\"wp-block-group home-third section-three is-layout-flow wp-block-group-is-layout-flow\" style=\"margin-top:var(--wp--preset--spacing--40);margin-bottom:0;padding-top:0;padding-right:2rem;padding-bottom:0;padding-left:2rem\">\n<h2 class=\"wp-block-heading has-text-align-center\"><strong>Unsere aktuellen Stellenangebote<\/strong> in Korsika<\/h2>\n\n\n\n<div style=\"color:red;font-weight:bold;text-align:center;padding: 2rem 0;\">STELLENANGEBOTE HIER ANZEIGEN<\/div>\n<\/section>\n\n<section class=\"wp-block-group home-third section-three is-layout-flow wp-block-group-is-layout-flow\" style=\"margin-top:var(--wp--preset--spacing--50);margin-bottom:0;padding-top:0;padding-bottom:0\">\n<div data-swiper=\"{&quot;speed&quot;:1000,&quot;autoplay&quot;:{&quot;delay&quot;:5000,&quot;disableOnInteraction&quot;:false},&quot;spaceBetween&quot;:0,&quot;slidesPerView&quot;:1,&quot;pagination&quot;:{&quot;el&quot;:&quot;.swiper-pagination&quot;,&quot;dynamicBullets&quot;:true,&quot;clickable&quot;:true,&quot;type&quot;:&quot;bullets&quot;},&quot;navigation&quot;:{&quot;nextEl&quot;:&quot;.swiper-button-next&quot;,&quot;prevEl&quot;:&quot;.swiper-button-prev&quot;},&quot;breakpoints&quot;:[{&quot;slidesPerView&quot;:1}]}\" class=\"wp-block-cover aligncenter has-custom-content-position is-position-bottom-center\" style=\"margin-top:0;margin-bottom:0;padding-top:12rem;padding-bottom:7rem;min-height:900px;aspect-ratio:unset;\"><img data-dominant-color=\"787a7c\" data-has-transparency=\"false\" style=\"--dominant-color: #787a7c;\" decoding=\"async\" width=\"1920\" height=\"908\" class=\"wp-block-cover__image-background wp-image-10200 not-transparent\" alt=\"rejoindre nos equipes contactez nous\" src=\"https:\/\/www.sejoya.fr\/wp-content\/uploads\/2025\/02\/rejoindre-nos-equipes-contactez-nous.webp\" data-object-fit=\"cover\" srcset=\"https:\/\/www.sejoya.fr\/wp-content\/uploads\/2025\/02\/rejoindre-nos-equipes-contactez-nous.webp 1920w, https:\/\/www.sejoya.fr\/wp-content\/uploads\/2025\/02\/rejoindre-nos-equipes-contactez-nous-300x142.webp 300w, https:\/\/www.sejoya.fr\/wp-content\/uploads\/2025\/02\/rejoindre-nos-equipes-contactez-nous-1024x484.webp 1024w, https:\/\/www.sejoya.fr\/wp-content\/uploads\/2025\/02\/rejoindre-nos-equipes-contactez-nous-768x363.webp 768w, https:\/\/www.sejoya.fr\/wp-content\/uploads\/2025\/02\/rejoindre-nos-equipes-contactez-nous-1536x726.webp 1536w\" sizes=\"(max-width: 1920px) 100vw, 1920px\" \/><span aria-hidden=\"true\" class=\"wp-block-cover__background has-background-dim-80 has-background-dim wp-block-cover__gradient-background has-background-gradient\" style=\"background:linear-gradient(180deg,rgba(0,0,0,0) 0%,rgba(0,0,0,0.6) 100%)\"><\/span><div class=\"wp-block-cover__inner-container has-global-padding is-layout-constrained wp-block-cover-is-layout-constrained\">\n<h2 class=\"wp-block-heading has-text-align-center has-base-color has-text-color has-link-color wp-elements-3cdb74f493bc83002f244cf6fa28b224\"><strong>Kommen Sie in unser Team<\/strong>: kontaktieren Sie uns<\/h2>\n\n\n\n<p class=\"has-text-align-center has-base-color has-text-color has-link-color wp-elements-3cbee89f42184cc5a636f9bba64d8b9d\">Haben Sie Lust, sich einem dynamischen und leidenschaftlichen Team anzuschlie\u00dfen? <strong>S\u00e9joya stellt ein!<\/strong> Wenn Sie unsere Werte teilen und dazu beitragen m\u00f6chten, einen unvergesslichen Urlaub zu schaffen, <a href=\"https:\/\/www.sejoya.fr\/de\/kontakt-anfahrt-korsika\/\">nehmen Sie jetzt Kontakt mit uns<\/a> auf. Wir w\u00fcrden uns freuen, mit Ihnen \u00fcber Ihre M\u00f6glichkeiten in der S\u00e9joya-Gruppe zu sprechen. Wenn Sie unserem Team beitreten m\u00f6chten, k\u00f6nnen Sie uns unter folgender E-Mail-Adresse kontaktieren: <a href=\"mailto:resa@sejoya.fr\" data-type=\"mailto\" data-id=\"mailto:resa@sejoya.fr\">resa@sejoya.fr<\/a>  <\/p>\n<\/div><\/div>\n<\/section>\n\n<div class=\"wp-block-group home-fourth section-cta has-global-padding is-layout-constrained wp-block-group-is-layout-constrained\" style=\"padding-top:var(--wp--preset--spacing--50);padding-bottom:var(--wp--preset--spacing--50)\">\n<p class=\"has-accent-color has-text-color has-link-color has-nothing-you-could-do-font-family has-x-large-font-size wp-elements-97cde1fdac1ed3c602ecf9f0d319a04f\" style=\"margin-bottom:var(--wp--preset--spacing--20)\">Entdecken Sie die Umgebung, den Geist von Sejoya oder kontaktieren Sie uns<\/p>\n\n\n\n<div class=\"wp-block-query is-layout-flow wp-block-query-is-layout-flow\"><ul class=\"columns-3 wp-block-post-template is-layout-grid wp-container-core-post-template-is-layout-6d3fbd8f wp-block-post-template-is-layout-grid\"><li class=\"wp-block-post post-11825 page type-page status-publish has-post-thumbnail hentry\">\n\n<figure class=\"wp-block-image\"><img decoding=\"async\" src=\"https:\/\/www.sejoya.fr\/wp-content\/uploads\/2025\/02\/tourisme-calvi-cta.webp\" alt=\"Calvi Tourismus\"\/><\/figure>\n\n\n\n<p>Tourismus in Calvi<\/p>\n\n\n<a class=\"is-style-lien-cover wp-block-read-more\" href=\"https:\/\/www.sejoya.fr\/de\/calvi-tourismus\/\" target=\"_self\">Weiterlesen<span class=\"screen-reader-text\">: Umgebung<\/span><\/a>\n<\/li><li class=\"wp-block-post post-11798 page type-page status-publish has-post-thumbnail hentry\">\n\n<figure class=\"wp-block-image\"><img decoding=\"async\" src=\"https:\/\/www.sejoya.fr\/wp-content\/uploads\/2025\/02\/contact-acces-corse-groupe-sejoya-a-calvi-cta.webp\" alt=\"kontakt acces corse sejoya-gruppe in calvi\"\/><\/figure>\n\n\n\n<p>Kontakt &amp; Anfahrt<\/p>\n\n\n<a class=\"is-style-lien-cover wp-block-read-more\" href=\"https:\/\/www.sejoya.fr\/de\/kontakt-anfahrt-korsika\/\" target=\"_self\">Weiterlesen<span class=\"screen-reader-text\">: Kontakt und Informationen<\/span><\/a>\n<\/li><li class=\"wp-block-post post-11842 page type-page status-publish has-post-thumbnail hentry\">\n\n<figure class=\"wp-block-image\"><img decoding=\"async\" src=\"https:\/\/www.sejoya.fr\/wp-content\/uploads\/2025\/02\/sejoya-corse-cta.webp\" alt=\"Sejoya korsika\"\/><\/figure>\n\n\n\n<p>S\u00e9joya-Gruppe<\/p>\n\n\n<a class=\"is-style-lien-cover wp-block-read-more\" href=\"https:\/\/www.sejoya.fr\/de\/sejoya-korsika\/\" target=\"_self\">Weiterlesen<span class=\"screen-reader-text\">: Der Geist von Sejoya<\/span><\/a>\n<\/li><\/ul><\/div>\n<\/div>\n","protected":false},"excerpt":{"rendered":"<p>S\u00e9joya-Einrichtungen,Werden Sie Teil unseres Teams Sie suchen einen Job auf einem Campingplatz oder in einer Ferienanlage? Entdecken Sie unsere aktuellen Stellenangebote und unsere Arbeitswerte bei der unabh\u00e4ngigen und familiengef\u00fchrten S\u00e9joya-Gruppe auf Korsika, in der sch\u00f6nen Stadt Calvi. Unsere Werte und unser Arbeitsansatz Bei S\u00e9joya stehen unsere Werte im Mittelpunkt unseres Engagements: Authentizit\u00e4t, Freundlichkeit und Respekt [&hellip;]<\/p>\n","protected":false},"author":1,"featured_media":10045,"parent":0,"menu_order":0,"comment_status":"closed","ping_status":"closed","template":"","meta":{"_acf_changed":false,"_seopress_robots_primary_cat":"","_seopress_titles_title":"S\u00e9joya Rekrutierung auf unseren Campingpl\u00e4tzen und in unserer Residenz in Calvi","_seopress_titles_desc":"Die Familiengruppe S\u00e9joya rekrutiert in Calvi auf Korsika f\u00fcr Stellen auf Campingpl\u00e4tzen oder in Ferienanlagen: unsere Teams, unsere Arbeitswerte.","_seopress_robots_index":"","inline_featured_image":false,"gt_fse_maillage_image":"https:\/\/www.sejoya.fr\/wp-content\/uploads\/2025\/02\/recrutement-corse-groupe-sejoya-a-calvi-cta.webp","gt_fse_maillage_titre":"Rekrutierung S\u00e9joya","gt_fse_maillage_alt":"Rekrutierung auf Korsika Sejoya-Gruppe in Calvi","gt_fse_maillage_resume":"","footnotes":""},"categories":[],"tags":[],"class_list":["post-11758","page","type-page","status-publish","has-post-thumbnail","hentry"],"acf":[],"_links":{"self":[{"href":"https:\/\/www.sejoya.fr\/de\/wp-json\/wp\/v2\/pages\/11758","targetHints":{"allow":["GET"]}}],"collection":[{"href":"https:\/\/www.sejoya.fr\/de\/wp-json\/wp\/v2\/pages"}],"about":[{"href":"https:\/\/www.sejoya.fr\/de\/wp-json\/wp\/v2\/types\/page"}],"author":[{"embeddable":true,"href":"https:\/\/www.sejoya.fr\/de\/wp-json\/wp\/v2\/users\/1"}],"replies":[{"embeddable":true,"href":"https:\/\/www.sejoya.fr\/de\/wp-json\/wp\/v2\/comments?post=11758"}],"version-history":[{"count":14,"href":"https:\/\/www.sejoya.fr\/de\/wp-json\/wp\/v2\/pages\/11758\/revisions"}],"predecessor-version":[{"id":13925,"href":"https:\/\/www.sejoya.fr\/de\/wp-json\/wp\/v2\/pages\/11758\/revisions\/13925"}],"wp:featuredmedia":[{"embeddable":true,"href":"https:\/\/www.sejoya.fr\/de\/wp-json\/wp\/v2\/media\/10045"}],"wp:attachment":[{"href":"https:\/\/www.sejoya.fr\/de\/wp-json\/wp\/v2\/media?parent=11758"}],"wp:term":[{"taxonomy":"category","embeddable":true,"href":"https:\/\/www.sejoya.fr\/de\/wp-json\/wp\/v2\/categories?post=11758"},{"taxonomy":"post_tag","embeddable":true,"href":"https:\/\/www.sejoya.fr\/de\/wp-json\/wp\/v2\/tags?post=11758"}],"curies":[{"name":"wp","href":"https:\/\/api.w.org\/{rel}","templated":true}]}}