{"id":11820,"date":"2024-10-14T16:30:18","date_gmt":"2024-10-14T14:30:18","guid":{"rendered":"https:\/\/www.sejoya.fr\/camping-familial-corse\/"},"modified":"2025-11-04T13:03:30","modified_gmt":"2025-11-04T12:03:30","slug":"familiencampingplatz-korsika","status":"publish","type":"page","link":"https:\/\/www.sejoya.fr\/de\/familiencampingplatz-korsika\/","title":{"rendered":"Unsere Dienstleistungen"},"content":{"rendered":"\n<section class=\"wp-block-group home-seventh section-one is-layout-flow wp-block-group-is-layout-flow\" style=\"margin-top:var(--wp--preset--spacing--50);margin-bottom:var(--wp--preset--spacing--50);padding-right:2rem;padding-left:2rem\">\n<div class=\"wp-block-columns are-vertically-aligned-center gt-no-padding-mobile is-layout-flex wp-container-core-columns-is-layout-f5462cee wp-block-columns-is-layout-flex\" style=\"padding-left:10rem\">\n<div class=\"wp-block-column is-vertically-aligned-center is-layout-flow wp-block-column-is-layout-flow\" style=\"flex-basis:35%\">\n<h1 class=\"wp-block-heading\"><strong>Eine Vielzahl von <\/strong><br\/><strong>Dienstleistungen <\/strong><br\/>f\u00fcr Ihren Aufenthalt<br\/>auf Korsika<\/h1>\n\n\n\n<h2 class=\"wp-block-heading\"><strong>Alle Dienstleistungen auf <\/strong><br\/><strong>dem <\/strong><strong>Campingplatz<\/strong> f\u00fcr einen<br\/>erfolgreichen Aufenthalt<\/h2>\n\n\n    <div id=\"gt-fse-lire-plus-69fa381267967\" class=\"gt-fse-lire-plus\" data-min-height=\"130\" style=\"background-color: #fff;\">\n        <input id=\"gt-fse-lire-plus-69fa381267967-toggle\" type=\"checkbox\" class=\"gt-fse-lire-plus__toggle\" \/>\n        <label for=\"gt-fse-lire-plus-69fa381267967-toggle\" class=\"gt-fse-lire-plus__toggle-label\">\n            <span>Mehr lesen<\/span>\n            <span>Weniger lesen<\/span>\n        <\/label>\n        <div class=\"gt-fse-lire-plus__content\" style=\"height: 130px;\">\n            \n\n<p>Die <a href=\"https:\/\/www.sejoya.fr\/de\/\">S\u00e9joya-Campingpl\u00e4tze<\/a> in Calvi bieten <strong>zahlreiche Serviceleistungen<\/strong>, um Ihnen einen gelungenen Urlaub auf Korsika zu garantieren. Jeder empf\u00e4ngt Sie mit einer<g id=\"gid_2\"> freundlichen Rezeption<\/g>, die<g id=\"gid_3\"> verschiedene Dienstleistungen anbietet:<\/g> Postversand und -empfang, Verleih von Sportger\u00e4ten, Touristeninformationen, Pannenhilfe, Internetterminal&#8230; <br\/>Sie finden auch <g id=\"gid_4\">gut sortierte Lebensmittelgesch\u00e4fte<\/g> f\u00fcr Ihre t\u00e4glichen Eink\u00e4ufe und <g id=\"gid_5\">ein Restaurant oder eine Snackbar<\/g>, wo Sie lokale Spezialit\u00e4ten genie\u00dfen k\u00f6nnen. Camper werden den praktischen <g id=\"gid_6\">Waschsalon<\/g> f\u00fcr l\u00e4ngere Aufenthalte zu sch\u00e4tzen wissen und das umfassende <g id=\"gid_7\">Sicherheitssystem<\/g> auf den Pl\u00e4tzen, einschlie\u00dflich Badge-Zugang und Nachtwache. <g id=\"gid_8\">Kostenpflichtige Ladestationen <\/g>f\u00fcr Elektroautos sind ebenfalls vorhanden. <br\/>Unsere Campingpl\u00e4tze sind gut f\u00fcr die Freizeitgestaltung ausgestattet, mit Spielpl\u00e4tzen, einem <g id=\"gid_9\">Sportplatz <\/g>auf Camping Bella Vista und <g id=\"gid_10\"><g id=\"gid_11\">Wasserparks<\/g><\/g>. Die Wifi-Abdeckung sorgt daf\u00fcr, dass Sie w\u00e4hrend Ihres Urlaubs immer in Verbindung bleiben! <br\/>Unsere <a href=\"https:\/\/www.sejoya.fr\/de\/mobilheimvermietung-korsika\/\">Unterk\u00fcnfte<\/a> liegen in der N\u00e4he der <a href=\"https:\/\/www.sejoya.fr\/de\/campingplatz-am-meer-korsika\/\">Str\u00e4nde<\/a> und des historischen Zentrums von Calvi und sind der perfekte Ausgangspunkt, um die Region in einem ruhigen und erholsamen Urlaub zu erkunden.     <\/p>\n\n            <div class=\"gt-fse-lire-plus__gradient\" style=\"background: linear-gradient(to bottom,rgba(255,255,255,0) 0%,rgba(255,255,255,1) 100%);\"><\/div>\n        <\/div>\n    <\/div>\n    <\/div>\n\n\n\n<div class=\"wp-block-column is-vertically-aligned-center is-layout-flow wp-block-column-is-layout-flow\" style=\"flex-basis:65%\">\n<div class=\"wp-block-columns column-services is-layout-flex wp-container-core-columns-is-layout-28232c24 wp-block-columns-is-layout-flex\">\n<div class=\"wp-block-column is-layout-flow wp-container-core-column-is-layout-e89a7e84 wp-block-column-is-layout-flow\" style=\"padding-right:var(--wp--preset--spacing--10)\">\n<div class=\"wp-block-group gt-gsap-fadeIn is-nowrap is-layout-flex wp-container-core-group-is-layout-5c59da81 wp-block-group-is-layout-flex\" style=\"margin-top:var(--wp--preset--spacing--10);margin-bottom:var(--wp--preset--spacing--10);padding-top:0;padding-bottom:0\">\n<figure class=\"wp-block-image size-full is-resized\"><img decoding=\"async\" src=\"https:\/\/www.sejoya.fr\/wp-content\/uploads\/2024\/10\/situation-sejoya.svg\" alt=\"lage-sejoya\" class=\"wp-image-222\" style=\"object-fit:contain;width:130px;height:130px\"\/><\/figure>\n\n\n\n<div class=\"wp-block-group wp-container-content-9cfa9a5a is-layout-flow wp-block-group-is-layout-flow\" style=\"border-bottom-color:#40404040;border-bottom-width:1px;padding-top:var(--wp--preset--spacing--20);padding-right:0.5rem;padding-bottom:var(--wp--preset--spacing--30);padding-left:0.5rem\">\n<p style=\"font-size:clamp(0.875rem, 0.875rem + ((1vw - 0.2rem) * 0.169), 1rem);line-height:1.4\"><em>Lage<\/em>: <br\/>in der N\u00e4he von Calvi und dem Meer<\/p>\n<\/div>\n<\/div>\n\n\n\n<div class=\"wp-block-group gt-gsap-fadeIn is-nowrap is-layout-flex wp-container-core-group-is-layout-93283c03 wp-block-group-is-layout-flex\" style=\"margin-top:0;margin-bottom:var(--wp--preset--spacing--10);padding-top:0;padding-bottom:0\">\n<figure class=\"wp-block-image size-full is-resized\"><img decoding=\"async\" src=\"https:\/\/www.sejoya.fr\/wp-content\/uploads\/2024\/10\/securite-sejoya-vacances.svg\" alt=\"sicherheit-sejoya-urlaub\" class=\"wp-image-218\" style=\"object-fit:contain;width:130px;height:130px\"\/><\/figure>\n\n\n\n<div class=\"wp-block-group wp-container-content-9cfa9a5a is-layout-flow wp-block-group-is-layout-flow\" style=\"border-bottom-color:#40404040;border-bottom-width:1px;padding-top:var(--wp--preset--spacing--20);padding-right:0.5rem;padding-bottom:3rem;padding-left:0.5rem\">\n<p style=\"font-size:clamp(0.875rem, 0.875rem + ((1vw - 0.2rem) * 0.169), 1rem);line-height:1.4\"><em>Sicherheit<\/em>: <br\/>mit Badge-Zugang<\/p>\n<\/div>\n<\/div>\n\n\n\n<div class=\"wp-block-group gt-gsap-fadeIn is-nowrap is-layout-flex wp-container-core-group-is-layout-58b4ae2f wp-block-group-is-layout-flex\" style=\"margin-top:0;margin-bottom:var(--wp--preset--spacing--10);padding-top:0;padding-bottom:0\">\n<figure class=\"wp-block-image size-full is-resized wp-duotone-unset-1\"><img decoding=\"async\" src=\"https:\/\/www.sejoya.fr\/wp-content\/uploads\/2024\/10\/connexion-sejoya-vacances.svg\" alt=\"Verbindung-sejoya-Urlaub\" class=\"wp-image-206\" style=\"object-fit:contain;width:130px;height:130px\"\/><\/figure>\n\n\n\n<div class=\"wp-block-group wp-container-content-9cfa9a5a has-global-padding is-content-justification-left is-layout-constrained wp-container-core-group-is-layout-b120970f wp-block-group-is-layout-constrained\" style=\"padding-top:var(--wp--preset--spacing--20);padding-right:0.5rem;padding-bottom:var(--wp--preset--spacing--20);padding-left:0.5rem\">\n<p class=\"has-text-align-left\" style=\"font-size:clamp(0.875rem, 0.875rem + ((1vw - 0.2rem) * 0.169), 1rem);line-height:1.4\"><em>Verbindung<\/em>:<br\/>wifi gratis<\/p>\n<\/div>\n<\/div>\n<\/div>\n\n\n\n<div class=\"wp-block-column is-layout-flow wp-block-column-is-layout-flow\" style=\"border-left-color:#40404040;border-left-width:1px;padding-left:var(--wp--preset--spacing--10)\">\n<div class=\"wp-block-group gt-gsap-fadeIn is-nowrap is-layout-flex wp-container-core-group-is-layout-d9218a1c wp-block-group-is-layout-flex\" style=\"margin-top:var(--wp--preset--spacing--10);margin-bottom:var(--wp--preset--spacing--10)\">\n<div class=\"wp-block-group wp-container-content-9cfa9a5a is-layout-flow wp-block-group-is-layout-flow\" style=\"border-bottom-color:#40404040;border-bottom-width:1px;padding-top:var(--wp--preset--spacing--20);padding-right:0.5rem;padding-bottom:var(--wp--preset--spacing--30);padding-left:0.5rem\">\n<p style=\"font-size:clamp(0.875rem, 0.875rem + ((1vw - 0.2rem) * 0.169), 1rem);line-height:1.4\"><em>Mit allem Komfort<\/em>: <br\/>mit Sanit\u00e4ranlagen &amp; W\u00e4scherei<\/p>\n<\/div>\n\n\n\n<figure class=\"wp-block-image size-full is-resized\"><img decoding=\"async\" src=\"https:\/\/www.sejoya.fr\/wp-content\/uploads\/2024\/10\/confort-sejoya-vacances.svg\" alt=\"Komfort-Sejoya-Urlaub\" class=\"wp-image-202\" style=\"object-fit:contain;width:130px;height:130px\"\/><\/figure>\n<\/div>\n\n\n\n<div class=\"wp-block-group gt-gsap-fadeIn is-nowrap is-layout-flex wp-container-core-group-is-layout-93283c03 wp-block-group-is-layout-flex\" style=\"margin-top:0;margin-bottom:var(--wp--preset--spacing--10);padding-top:0;padding-bottom:0\">\n<div class=\"wp-block-group wp-container-content-9cfa9a5a is-layout-flow wp-block-group-is-layout-flow\" style=\"border-bottom-color:#40404040;border-bottom-width:1px;padding-top:var(--wp--preset--spacing--20);padding-right:0.5rem;padding-bottom:var(--wp--preset--spacing--20);padding-left:0.5rem\">\n<p style=\"font-size:clamp(0.875rem, 0.875rem + ((1vw - 0.2rem) * 0.169), 1rem);line-height:1.4\"><em>Lebensmittelgesch\u00e4ft<\/em>: <br\/>Brot, Lebensmittelgesch\u00e4ft und lokale Produkte<\/p>\n<\/div>\n\n\n\n<figure class=\"wp-block-image size-full is-resized\"><img decoding=\"async\" src=\"https:\/\/www.sejoya.fr\/wp-content\/uploads\/2024\/10\/epicerie-sejoya-vacances.svg\" alt=\"Lebensmittelgesch&#xE4;ft-sejoya-urlaub\" class=\"wp-image-210\" style=\"object-fit:contain;width:130px;height:130px\"\/><\/figure>\n<\/div>\n\n\n\n<div class=\"wp-block-group gt-gsap-fadeIn is-nowrap is-layout-flex wp-container-core-group-is-layout-272e4641 wp-block-group-is-layout-flex\" style=\"margin-top:0;margin-bottom:var(--wp--preset--spacing--10);padding-top:0;padding-right:0;padding-bottom:0;padding-left:0\">\n<div class=\"wp-block-group wp-container-content-9cfa9a5a has-global-padding is-layout-constrained wp-container-core-group-is-layout-2db5691c wp-block-group-is-layout-constrained\" style=\"padding-top:var(--wp--preset--spacing--20);padding-right:0.5rem;padding-bottom:var(--wp--preset--spacing--20);padding-left:0.5rem\">\n<p style=\"font-size:clamp(0.875rem, 0.875rem + ((1vw - 0.2rem) * 0.169), 1rem);line-height:1.4\"><em>Gruppen<\/em>:<br\/>Empfang von Gruppen geplant<\/p>\n<\/div>\n\n\n\n<figure class=\"wp-block-image size-full is-resized\"><img decoding=\"async\" src=\"https:\/\/www.sejoya.fr\/wp-content\/uploads\/2024\/10\/groupes-sejoya-vacances.svg\" alt=\"Gruppen-sejoya-urlaub\" class=\"wp-image-214\" style=\"object-fit:contain;width:130px;height:130px\"\/><\/figure>\n<\/div>\n<\/div>\n<\/div>\n<\/div>\n<\/div>\n<\/section>\n\n<section class=\"wp-block-group home-fifth section-two is-layout-flow wp-block-group-is-layout-flow\" style=\"padding-right:var(--wp--preset--spacing--40);padding-left:var(--wp--preset--spacing--40)\">\n<div class=\"wp-block-columns are-vertically-aligned-center is-layout-flex wp-container-core-columns-is-layout-28232c24 wp-block-columns-is-layout-flex\">\n<div class=\"wp-block-column is-vertically-aligned-center column-right is-layout-flow wp-block-column-is-layout-flow\" style=\"flex-basis:66.66%\">\n<figure class=\"wp-block-image size-full\" style=\"margin-bottom:var(--wp--preset--spacing--30)\"><img data-dominant-color=\"7d7c64\" data-has-transparency=\"false\" decoding=\"async\" width=\"1183\" height=\"1000\" src=\"https:\/\/www.sejoya.fr\/wp-content\/uploads\/2025\/02\/forfaits-menage-options-en-supplement.webp\" alt=\"Haushaltspauschalen zus&#xE4;tzliche Optionen\" class=\"wp-image-10253 not-transparent\" style=\"--dominant-color: #7d7c64; object-fit:cover\" srcset=\"https:\/\/www.sejoya.fr\/wp-content\/uploads\/2025\/02\/forfaits-menage-options-en-supplement.webp 1183w, https:\/\/www.sejoya.fr\/wp-content\/uploads\/2025\/02\/forfaits-menage-options-en-supplement-300x254.webp 300w, https:\/\/www.sejoya.fr\/wp-content\/uploads\/2025\/02\/forfaits-menage-options-en-supplement-1024x866.webp 1024w, https:\/\/www.sejoya.fr\/wp-content\/uploads\/2025\/02\/forfaits-menage-options-en-supplement-768x649.webp 768w\" sizes=\"(max-width: 1183px) 100vw, 1183px\" \/><\/figure>\n<\/div>\n\n\n\n<div class=\"wp-block-column is-vertically-aligned-center column-left is-layout-flow wp-block-column-is-layout-flow\" style=\"padding-right:0;padding-left:0;flex-basis:33.33%\">\n<div class=\"wp-block-group gt-gsap-parallaxDown has-base-background-color has-background gt-no-padding-mobile is-layout-flow wp-block-group-is-layout-flow\" style=\"margin-bottom:var(--wp--preset--spacing--30);padding-top:var(--wp--preset--spacing--50);padding-right:6rem;padding-bottom:var(--wp--preset--spacing--50);padding-left:6rem\">\n<h2 class=\"wp-block-heading\">Zus\u00e4tzliche <strong>Optionen<\/strong><\/h2>\n\n\n    <div id=\"gt-fse-lire-plus-69fa3812713ce\" class=\"gt-fse-lire-plus\" data-min-height=\"130\" style=\"background-color: #fff;\">\n        <input id=\"gt-fse-lire-plus-69fa3812713ce-toggle\" type=\"checkbox\" class=\"gt-fse-lire-plus__toggle\" \/>\n        <label for=\"gt-fse-lire-plus-69fa3812713ce-toggle\" class=\"gt-fse-lire-plus__toggle-label\">\n            <span>Mehr lesen<\/span>\n            <span>Weniger lesen<\/span>\n        <\/label>\n        <div class=\"gt-fse-lire-plus__content\" style=\"height: 130px;\">\n            \n\n<p>Gestalten Sie Ihren Aufenthalt bei S\u00e9joya ganz individuell! Die Campingpl\u00e4tze Les Castors, L&#8217;International und Bella Vista in Calvi bieten <g id=\"gid_0\">zus\u00e4tzliche Optionen<\/g> f\u00fcr Ihren Aufenthalt in einem Mobilheim, einem Appartement oder auf einem Stellplatz. <br\/>Mit dem Verleih von Bettw\u00e4sche, Handt\u00fcchern oder Babysets (Bett, Hochstuhl und Badewanne) ersparen Sie sich schweres Gep\u00e4ck und <g id=\"gid_1\">vereinfachen Ihren Familienurlaub<\/g>. Wenn Sie mit dem Zelt campen, k\u00f6nnen Sie einen K\u00fchlschrank mieten, der Ihnen den Alltag auf den Stellpl\u00e4tzen erleichtern wird. <br\/>Damit Sie <a href=\"https:\/\/www.sejoya.fr\/de\/calvi-tourismus\/\">Calvi und die Umgebung in Ihrem eigenen Tempoerkunden<\/a> k\u00f6nnen, k\u00f6nnen Sie <strong>Fahrr\u00e4der mieten<\/strong>.  <strong> <\/strong>in der N\u00e4he unserer Campingpl\u00e4tze. In unseren Rezeptionen k\u00f6nnen sich Wassersportler \u00fcber die Aktivit\u00e4ten in der Umgebung informieren. F\u00fcr Gruppen gibt es ma\u00dfgeschneiderte Angebote. <g id=\"gid_0\"><g id=\"gid_1\">Gruppen<\/g><\/g> z.B. Mahlzeiten mit Halbpension. Die <strong>Reinigungspakete<\/strong> f\u00fcr Mobilheime, Chalets und Appartements helfen Ihnen, Ihren Urlaub bis zur letzten Minute zu genie\u00dfen!   <\/p>\n\n            <div class=\"gt-fse-lire-plus__gradient\" style=\"background: linear-gradient(to bottom,rgba(255,255,255,0) 0%,rgba(255,255,255,1) 100%);\"><\/div>\n        <\/div>\n    <\/div>\n    <\/div>\n<\/div>\n<\/div>\n<\/section>\n\n<div class=\"wp-block-group home-fourth section-cta has-global-padding is-layout-constrained wp-block-group-is-layout-constrained\" style=\"padding-top:var(--wp--preset--spacing--50);padding-bottom:var(--wp--preset--spacing--50)\">\n<p class=\"has-accent-color has-text-color has-link-color has-nothing-you-could-do-font-family has-x-large-font-size wp-elements-6298907e5e752f43bbb52fa9cad20e62\" style=\"margin-bottom:var(--wp--preset--spacing--20)\">Entdecken Sie unsere Animationen, Mietunterk\u00fcnfte und Wasserparks<\/p>\n\n\n\n<div class=\"wp-block-query is-layout-flow wp-block-query-is-layout-flow\"><ul class=\"columns-3 wp-block-post-template is-layout-grid wp-container-core-post-template-is-layout-6d3fbd8f wp-block-post-template-is-layout-grid\"><li class=\"wp-block-post post-11812 page type-page status-publish has-post-thumbnail hentry\">\n\n<figure class=\"wp-block-image\"><img decoding=\"async\" src=\"https:\/\/www.sejoya.fr\/wp-content\/uploads\/2025\/02\/camping-animations-corse-groupe-sejoya-a-calvi-cta.webp\" alt=\"Campingplatz Animationen Korsika Gruppe Sejoya in Calvi\"\/><\/figure>\n\n\n\n<p>Unsere Animationen<\/p>\n\n\n<a class=\"is-style-lien-cover wp-block-read-more\" href=\"https:\/\/www.sejoya.fr\/de\/campingplatz-animationen-korsika\/\" target=\"_self\">Weiterlesen<span class=\"screen-reader-text\">: Animationen<\/span><\/a>\n<\/li><li class=\"wp-block-post post-11833 page type-page status-publish has-post-thumbnail hentry\">\n\n<figure class=\"wp-block-image\"><img decoding=\"async\" src=\"https:\/\/www.sejoya.fr\/wp-content\/uploads\/2025\/02\/location-mobil-home-corse-groupe-sejoya-a-calvi-cta.webp\" alt=\"Vermietung Mobilheim Korsika Gruppe Sejoya in Calvi\"\/><\/figure>\n\n\n\n<p>Vermietung von Mobilheimen<\/p>\n\n\n<a class=\"is-style-lien-cover wp-block-read-more\" href=\"https:\/\/www.sejoya.fr\/de\/mobilheimvermietung-korsika\/\" target=\"_self\">Weiterlesen<span class=\"screen-reader-text\">: Unterk\u00fcnfte<\/span><\/a>\n<\/li><li class=\"wp-block-post post-11832 page type-page status-publish has-post-thumbnail hentry\">\n\n<figure class=\"wp-block-image\"><img decoding=\"async\" src=\"https:\/\/www.sejoya.fr\/wp-content\/uploads\/2025\/02\/campings-parcs-aquatiques-corse-cta.webp\" alt=\"Campingpl\u00e4tze Wasserparks Korsika\"\/><\/figure>\n\n\n\n<p>Wasserparks<\/p>\n\n\n<a class=\"is-style-lien-cover wp-block-read-more\" href=\"https:\/\/www.sejoya.fr\/de\/campingplaetze-wasserparks-korsika\/\" target=\"_self\">Weiterlesen<span class=\"screen-reader-text\">: Wasserparks<\/span><\/a>\n<\/li><\/ul><\/div>\n<\/div>\n","protected":false},"excerpt":{"rendered":"<p>Eine Vielzahl von Dienstleistungen f\u00fcr Ihren Aufenthaltauf Korsika Alle Dienstleistungen auf dem Campingplatz f\u00fcr einenerfolgreichen Aufenthalt Lage: in der N\u00e4he von Calvi und dem Meer Sicherheit: mit Badge-Zugang Verbindung:wifi gratis Mit allem Komfort: mit Sanit\u00e4ranlagen &amp; W\u00e4scherei Lebensmittelgesch\u00e4ft: Brot, Lebensmittelgesch\u00e4ft und lokale Produkte Gruppen:Empfang von Gruppen geplant Zus\u00e4tzliche Optionen Entdecken Sie unsere Animationen, Mietunterk\u00fcnfte und [&hellip;]<\/p>\n","protected":false},"author":1,"featured_media":10063,"parent":0,"menu_order":0,"comment_status":"closed","ping_status":"closed","template":"","meta":{"_acf_changed":false,"_seopress_robots_primary_cat":"","_seopress_titles_title":"Familien-Campingpl\u00e4tze in Calvi | Campingplatz mit Service in Haute-Corse","_seopress_titles_desc":"Die S\u00e9joya-Gruppe hat auf unseren Campingpl\u00e4tzen und in unserer Residenz in Calvi auf Korsika einen ausgepr\u00e4gten Sinn f\u00fcr Service: Lebensmittelgesch\u00e4ft, Snack, Restaurant...","_seopress_robots_index":"","inline_featured_image":false,"gt_fse_maillage_image":"https:\/\/www.sejoya.fr\/wp-content\/uploads\/2025\/02\/camping-familial-corse-cta.webp","gt_fse_maillage_titre":"Unsere Dienstleistungen","gt_fse_maillage_alt":"Familiencampingplatz Korsika","gt_fse_maillage_resume":"","footnotes":""},"categories":[],"tags":[],"class_list":["post-11820","page","type-page","status-publish","has-post-thumbnail","hentry"],"acf":[],"_links":{"self":[{"href":"https:\/\/www.sejoya.fr\/de\/wp-json\/wp\/v2\/pages\/11820","targetHints":{"allow":["GET"]}}],"collection":[{"href":"https:\/\/www.sejoya.fr\/de\/wp-json\/wp\/v2\/pages"}],"about":[{"href":"https:\/\/www.sejoya.fr\/de\/wp-json\/wp\/v2\/types\/page"}],"author":[{"embeddable":true,"href":"https:\/\/www.sejoya.fr\/de\/wp-json\/wp\/v2\/users\/1"}],"replies":[{"embeddable":true,"href":"https:\/\/www.sejoya.fr\/de\/wp-json\/wp\/v2\/comments?post=11820"}],"version-history":[{"count":20,"href":"https:\/\/www.sejoya.fr\/de\/wp-json\/wp\/v2\/pages\/11820\/revisions"}],"predecessor-version":[{"id":13942,"href":"https:\/\/www.sejoya.fr\/de\/wp-json\/wp\/v2\/pages\/11820\/revisions\/13942"}],"wp:featuredmedia":[{"embeddable":true,"href":"https:\/\/www.sejoya.fr\/de\/wp-json\/wp\/v2\/media\/10063"}],"wp:attachment":[{"href":"https:\/\/www.sejoya.fr\/de\/wp-json\/wp\/v2\/media?parent=11820"}],"wp:term":[{"taxonomy":"category","embeddable":true,"href":"https:\/\/www.sejoya.fr\/de\/wp-json\/wp\/v2\/categories?post=11820"},{"taxonomy":"post_tag","embeddable":true,"href":"https:\/\/www.sejoya.fr\/de\/wp-json\/wp\/v2\/tags?post=11820"}],"curies":[{"name":"wp","href":"https:\/\/api.w.org\/{rel}","templated":true}]}}