{"id":11832,"date":"2024-10-14T16:11:49","date_gmt":"2024-10-14T14:11:49","guid":{"rendered":"https:\/\/www.sejoya.fr\/campings-parcs-aquatiques-corse\/"},"modified":"2025-11-04T12:25:58","modified_gmt":"2025-11-04T11:25:58","slug":"campingplaetze-wasserparks-korsika","status":"publish","type":"page","link":"https:\/\/www.sejoya.fr\/de\/campingplaetze-wasserparks-korsika\/","title":{"rendered":"Wasserparks"},"content":{"rendered":"\n<section class=\"wp-block-group home-seventh section-one is-layout-flow wp-block-group-is-layout-flow\" style=\"margin-top:var(--wp--preset--spacing--50);margin-bottom:var(--wp--preset--spacing--50);padding-right:0rem;padding-left:2rem\">\n<div class=\"wp-block-columns are-vertically-aligned-center gt-no-padding-mobile is-layout-flex wp-container-core-columns-is-layout-f5462cee wp-block-columns-is-layout-flex\" style=\"padding-left:10rem\">\n<div class=\"wp-block-column is-vertically-aligned-center is-layout-flow wp-block-column-is-layout-flow\" style=\"flex-basis:35%\">\n<h1 class=\"wp-block-heading\"><strong>Wasserparks<\/strong> und <br\/>Swimmingpools im <br\/>Herzen von Calvi<\/h1>\n\n\n\n<h2 class=\"wp-block-heading\">Spa\u00df in unseren <strong>Wasserparks<\/strong> <br\/><strong>mit Rutschen auf Korsika<\/strong><\/h2>\n\n\n\n<p>In den <strong>Wasserparks<\/strong> von <a href=\"https:\/\/www.sejoya.fr\/de\/sejoya-korsika\/\">S\u00e9joya<\/a> k\u00f6nnen Sie sich austoben und Spa\u00df haben. Zwischen den <strong>Pentagliss im Biber-Komplex<\/strong> und den Kurven der <strong>gro\u00dfen Rutschen in <a href=\"https:\/\/www.sejoya.fr\/de\/campingplatz-bella-vista-calvi\/\">Bella Vista<\/a><\/strong> kommen Wasserratten auf ihre Kosten. Die Anlagen sind f\u00fcr alle zug\u00e4nglich, aber es gibt auch aufregende Rutschen f\u00fcr die erfahrensten Rutscher. Hier ist Platz f\u00fcr aktive Ferien, Lachen und Herausforderungen! Und wenn Ihre Pool-Nachmittage zu Ihren sch\u00f6nsten Erinnerungen an die Insel geh\u00f6ren?     <\/p>\n<\/div>\n\n\n\n<div class=\"wp-block-column is-vertically-aligned-center is-layout-flow wp-block-column-is-layout-flow\" style=\"flex-basis:65%\">\n<div class=\"wp-block-group is-nowrap is-layout-flex wp-container-core-group-is-layout-6c531013 wp-block-group-is-layout-flex\">\n<figure data-wp-context=\"{&quot;imageId&quot;:&quot;69fa36f937bf3&quot;}\" data-wp-interactive=\"core\/image\" data-wp-key=\"69fa36f937bf3\" class=\"wp-block-image size-full is-resized gt-gsap-fadeIn wp-container-content-9cfa9a5a wp-lightbox-container\"><img data-dominant-color=\"3f6976\" data-has-transparency=\"false\" decoding=\"async\" width=\"344\" height=\"675\" data-wp-class--hide=\"state.isContentHidden\" data-wp-class--show=\"state.isContentVisible\" data-wp-init=\"callbacks.setButtonStyles\" data-wp-on--click=\"actions.showLightbox\" data-wp-on--load=\"callbacks.setButtonStyles\" data-wp-on-window--resize=\"callbacks.setButtonStyles\" src=\"https:\/\/www.sejoya.fr\/wp-content\/uploads\/2025\/02\/espaces-aquatiques-et-piscines-au-coeur-de-calvi.webp\" alt=\"Wasserfl&#xE4;chen und Schwimmb&#xE4;der im Herzen von Calvi\" class=\"wp-image-10386 not-transparent\" style=\"--dominant-color: #3f6976; width:auto;height:675px\" srcset=\"https:\/\/www.sejoya.fr\/wp-content\/uploads\/2025\/02\/espaces-aquatiques-et-piscines-au-coeur-de-calvi.webp 344w, https:\/\/www.sejoya.fr\/wp-content\/uploads\/2025\/02\/espaces-aquatiques-et-piscines-au-coeur-de-calvi-153x300.webp 153w\" sizes=\"(max-width: 344px) 100vw, 344px\" \/><button\n\t\t\tclass=\"lightbox-trigger\"\n\t\t\ttype=\"button\"\n\t\t\taria-haspopup=\"dialog\"\n\t\t\taria-label=\"Vergr\u00f6\u00dfern\"\n\t\t\tdata-wp-init=\"callbacks.initTriggerButton\"\n\t\t\tdata-wp-on--click=\"actions.showLightbox\"\n\t\t\tdata-wp-style--right=\"state.imageButtonRight\"\n\t\t\tdata-wp-style--top=\"state.imageButtonTop\"\n\t\t>\n\t\t\t<svg xmlns=\"http:\/\/www.w3.org\/2000\/svg\" width=\"12\" height=\"12\" fill=\"none\" viewBox=\"0 0 12 12\">\n\t\t\t\t<path fill=\"#fff\" d=\"M2 0a2 2 0 0 0-2 2v2h1.5V2a.5.5 0 0 1 .5-.5h2V0H2Zm2 10.5H2a.5.5 0 0 1-.5-.5V8H0v2a2 2 0 0 0 2 2h2v-1.5ZM8 12v-1.5h2a.5.5 0 0 0 .5-.5V8H12v2a2 2 0 0 1-2 2H8Zm2-12a2 2 0 0 1 2 2v2h-1.5V2a.5.5 0 0 0-.5-.5H8V0h2Z\" \/>\n\t\t\t<\/svg>\n\t\t<\/button><\/figure>\n\n\n\n<figure data-wp-context=\"{&quot;imageId&quot;:&quot;69fa36f937fe2&quot;}\" data-wp-interactive=\"core\/image\" data-wp-key=\"69fa36f937fe2\" class=\"wp-block-image size-full is-resized gt-gsap-fadeIn wp-lightbox-container\"><img data-dominant-color=\"786e5d\" data-has-transparency=\"false\" decoding=\"async\" width=\"344\" height=\"800\" data-wp-class--hide=\"state.isContentHidden\" data-wp-class--show=\"state.isContentVisible\" data-wp-init=\"callbacks.setButtonStyles\" data-wp-on--click=\"actions.showLightbox\" data-wp-on--load=\"callbacks.setButtonStyles\" data-wp-on-window--resize=\"callbacks.setButtonStyles\" src=\"https:\/\/www.sejoya.fr\/wp-content\/uploads\/2025\/02\/rigolade-dans-nos-espaces-aquatiques-avec-toboggans-en-corse.webp\" alt=\"Spa&#xDF; in unseren Wasserparks mit Rutschen auf Korsika\" class=\"wp-image-10390 not-transparent\" style=\"--dominant-color: #786e5d; width:auto;height:800px\" srcset=\"https:\/\/www.sejoya.fr\/wp-content\/uploads\/2025\/02\/rigolade-dans-nos-espaces-aquatiques-avec-toboggans-en-corse.webp 344w, https:\/\/www.sejoya.fr\/wp-content\/uploads\/2025\/02\/rigolade-dans-nos-espaces-aquatiques-avec-toboggans-en-corse-129x300.webp 129w\" sizes=\"(max-width: 344px) 100vw, 344px\" \/><button\n\t\t\tclass=\"lightbox-trigger\"\n\t\t\ttype=\"button\"\n\t\t\taria-haspopup=\"dialog\"\n\t\t\taria-label=\"Vergr\u00f6\u00dfern\"\n\t\t\tdata-wp-init=\"callbacks.initTriggerButton\"\n\t\t\tdata-wp-on--click=\"actions.showLightbox\"\n\t\t\tdata-wp-style--right=\"state.imageButtonRight\"\n\t\t\tdata-wp-style--top=\"state.imageButtonTop\"\n\t\t>\n\t\t\t<svg xmlns=\"http:\/\/www.w3.org\/2000\/svg\" width=\"12\" height=\"12\" fill=\"none\" viewBox=\"0 0 12 12\">\n\t\t\t\t<path fill=\"#fff\" d=\"M2 0a2 2 0 0 0-2 2v2h1.5V2a.5.5 0 0 1 .5-.5h2V0H2Zm2 10.5H2a.5.5 0 0 1-.5-.5V8H0v2a2 2 0 0 0 2 2h2v-1.5ZM8 12v-1.5h2a.5.5 0 0 0 .5-.5V8H12v2a2 2 0 0 1-2 2H8Zm2-12a2 2 0 0 1 2 2v2h-1.5V2a.5.5 0 0 0-.5-.5H8V0h2Z\" \/>\n\t\t\t<\/svg>\n\t\t<\/button><\/figure>\n\n\n\n<figure data-wp-context=\"{&quot;imageId&quot;:&quot;69fa36f938347&quot;}\" data-wp-interactive=\"core\/image\" data-wp-key=\"69fa36f938347\" class=\"wp-block-image size-full is-resized gt-gsap-fadeIn wp-lightbox-container\"><img data-dominant-color=\"9f6c7d\" data-has-transparency=\"false\" decoding=\"async\" width=\"344\" height=\"900\" data-wp-class--hide=\"state.isContentHidden\" data-wp-class--show=\"state.isContentVisible\" data-wp-init=\"callbacks.setButtonStyles\" data-wp-on--click=\"actions.showLightbox\" data-wp-on--load=\"callbacks.setButtonStyles\" data-wp-on-window--resize=\"callbacks.setButtonStyles\" src=\"https:\/\/www.sejoya.fr\/wp-content\/uploads\/2025\/02\/les-pentagliss-du-complexe-des-castors.webp\" alt=\"die Pentagliss des Biberkomplexes\" class=\"wp-image-10394 not-transparent\" style=\"--dominant-color: #9f6c7d; width:auto;height:900px\" srcset=\"https:\/\/www.sejoya.fr\/wp-content\/uploads\/2025\/02\/les-pentagliss-du-complexe-des-castors.webp 344w, https:\/\/www.sejoya.fr\/wp-content\/uploads\/2025\/02\/les-pentagliss-du-complexe-des-castors-115x300.webp 115w\" sizes=\"(max-width: 344px) 100vw, 344px\" \/><button\n\t\t\tclass=\"lightbox-trigger\"\n\t\t\ttype=\"button\"\n\t\t\taria-haspopup=\"dialog\"\n\t\t\taria-label=\"Vergr\u00f6\u00dfern\"\n\t\t\tdata-wp-init=\"callbacks.initTriggerButton\"\n\t\t\tdata-wp-on--click=\"actions.showLightbox\"\n\t\t\tdata-wp-style--right=\"state.imageButtonRight\"\n\t\t\tdata-wp-style--top=\"state.imageButtonTop\"\n\t\t>\n\t\t\t<svg xmlns=\"http:\/\/www.w3.org\/2000\/svg\" width=\"12\" height=\"12\" fill=\"none\" viewBox=\"0 0 12 12\">\n\t\t\t\t<path fill=\"#fff\" d=\"M2 0a2 2 0 0 0-2 2v2h1.5V2a.5.5 0 0 1 .5-.5h2V0H2Zm2 10.5H2a.5.5 0 0 1-.5-.5V8H0v2a2 2 0 0 0 2 2h2v-1.5ZM8 12v-1.5h2a.5.5 0 0 0 .5-.5V8H12v2a2 2 0 0 1-2 2H8Zm2-12a2 2 0 0 1 2 2v2h-1.5V2a.5.5 0 0 0-.5-.5H8V0h2Z\" \/>\n\t\t\t<\/svg>\n\t\t<\/button><\/figure>\n<\/div>\n<\/div>\n<\/div>\n<\/section>\n\n<section class=\"wp-block-group home-fifth section-two is-layout-flow wp-block-group-is-layout-flow\" style=\"padding-right:var(--wp--preset--spacing--40);padding-left:var(--wp--preset--spacing--40)\">\n<div class=\"wp-block-columns are-vertically-aligned-center is-layout-flex wp-container-core-columns-is-layout-28232c24 wp-block-columns-is-layout-flex\">\n<div class=\"wp-block-column is-vertically-aligned-center column-right is-layout-flow wp-block-column-is-layout-flow\" style=\"flex-basis:66.66%\">\n<figure class=\"wp-block-image size-full\" style=\"margin-bottom:var(--wp--preset--spacing--30)\"><img data-dominant-color=\"2f6576\" data-has-transparency=\"false\" decoding=\"async\" width=\"1183\" height=\"1000\" src=\"https:\/\/www.sejoya.fr\/wp-content\/uploads\/2025\/04\/sous-le-soleil-corse-votre-bulle-de-fraicheur-dans-les-piscines-des-campings-pastilles-logo.webp\" alt=\"unter der korsischen Sonne Ihre Erfrischungsblase in den Schwimmb&#xE4;dern der Campingpl&#xE4;tze Logo-Pastillen\" class=\"wp-image-13602 not-transparent\" style=\"--dominant-color: #2f6576; object-fit:cover\" srcset=\"https:\/\/www.sejoya.fr\/wp-content\/uploads\/2025\/04\/sous-le-soleil-corse-votre-bulle-de-fraicheur-dans-les-piscines-des-campings-pastilles-logo.webp 1183w, https:\/\/www.sejoya.fr\/wp-content\/uploads\/2025\/04\/sous-le-soleil-corse-votre-bulle-de-fraicheur-dans-les-piscines-des-campings-pastilles-logo-300x254.webp 300w, https:\/\/www.sejoya.fr\/wp-content\/uploads\/2025\/04\/sous-le-soleil-corse-votre-bulle-de-fraicheur-dans-les-piscines-des-campings-pastilles-logo-1024x866.webp 1024w, https:\/\/www.sejoya.fr\/wp-content\/uploads\/2025\/04\/sous-le-soleil-corse-votre-bulle-de-fraicheur-dans-les-piscines-des-campings-pastilles-logo-768x649.webp 768w\" sizes=\"(max-width: 1183px) 100vw, 1183px\" \/><\/figure>\n<\/div>\n\n\n\n<div class=\"wp-block-column is-vertically-aligned-center column-left is-layout-flow wp-block-column-is-layout-flow\" style=\"padding-right:0;padding-left:0;flex-basis:33.33%\">\n<div class=\"wp-block-group gt-gsap-parallaxDown has-base-background-color has-background gt-no-padding-mobile is-layout-flow wp-block-group-is-layout-flow\" style=\"margin-bottom:var(--wp--preset--spacing--30);padding-top:var(--wp--preset--spacing--50);padding-right:6rem;padding-bottom:var(--wp--preset--spacing--50);padding-left:6rem\">\n<h2 class=\"wp-block-heading\">Unter der korsischen Sonne <br\/>k\u00f6nnen Sie sich in den <br\/><strong>Schwimmb\u00e4dern der <br\/><\/strong><strong>Campingpl\u00e4tze <\/strong><br\/><strong>erfrischen<\/strong> <br\/><br\/><\/h2>\n\n\n\n<p>Die Sommer auf Korsika sind bekannt f\u00fcr ihre vielen Sonnenstunden. In einer schattigeren Umgebung als an den Str\u00e4nden k\u00f6nnen Sie auf den <g id=\"gid_0\">S\u00e9joya-Campingpl\u00e4tzen<\/g> ein <g id=\"gid_1\">erfrischendes Bad<\/g> im S\u00fc\u00dfwasser nehmen. Im Swimmingpool k\u00f6nnen Sie auf einer <strong>Liege im Schatten eines Sonnenschirms<\/strong> faulenzen, schwimmen oder einfach nur <strong>die F\u00fc\u00dfe im Wasser<\/strong> baumeln lassen. In der Nebensaison ist das Becken des <a href=\"https:\/\/www.sejoya.fr\/de\/campingplatz-castors-calvi\/\">Campingplatzes Les Castors<\/a> <strong>beheizt<\/strong>, so dass auch frierende Urlauber es genie\u00dfen k\u00f6nnen!   <\/p>\n<\/div>\n<\/div>\n<\/div>\n<\/section>\n\n<section class=\"wp-block-group home-fifth page-four alt is-layout-flow wp-block-group-is-layout-flow\" style=\"margin-top:var(--wp--preset--spacing--40);margin-bottom:var(--wp--preset--spacing--20);padding-top:var(--wp--preset--spacing--20);padding-right:0;padding-bottom:var(--wp--preset--spacing--20);padding-left:0\">\n<div class=\"wp-block-columns are-vertically-aligned-center is-layout-flex wp-container-core-columns-is-layout-28232c24 wp-block-columns-is-layout-flex\">\n<div class=\"wp-block-column is-vertically-aligned-center column-left is-layout-flow wp-block-column-is-layout-flow\" style=\"padding-right:2rem;padding-left:2rem;flex-basis:33.33%\">\n<div class=\"wp-block-group gt-gsap-parallaxDown has-base-background-color has-background gt-no-padding-mobile is-layout-flow wp-block-group-is-layout-flow\" style=\"margin-bottom:var(--wp--preset--spacing--30);padding-top:var(--wp--preset--spacing--50);padding-right:4rem;padding-bottom:var(--wp--preset--spacing--50);padding-left:4rem\">\n<h2 class=\"wp-block-heading\"><strong>Balneobereich<\/strong> auf dem<br\/>Camping Bella Vista in Calvi: <br\/>G\u00f6nnen Sie sich eine Pause<\/h2>\n\n\n\n<p>Der <strong>Wasserpark des Campingplatzes Sejoya Bella Vista<\/strong> l\u00e4dt Sie zu einer <strong>Wellnesspause<\/strong> ein. Mit seinen Entspannungsm\u00f6glichkeiten, Sprudelb\u00e4dern und Massaged\u00fcsen ist er der ideale Ort, um sich nach einem Tag voller Aktivit\u00e4ten auf <a href=\"https:\/\/www.sejoya.fr\/de\/calvi-tourismus\/\">der Insel der Sch\u00f6nheit<\/a> zu erholen. Das Wasser massiert Ihre Muskeln, regt Ihren Kreislauf an und erm\u00f6glicht Ihnen, in aller Ruhe und in einer beruhigenden Umgebung zu entspannen. Was gibt es Besseres, um die Batterien w\u00e4hrend Ihres Urlaubs auf Korsika wieder aufzuladen?   <\/p>\n<\/div>\n<\/div>\n\n\n\n<div class=\"wp-block-column is-vertically-aligned-center column-right is-layout-flow wp-block-column-is-layout-flow\" style=\"flex-basis:66.66%\">\n<figure class=\"wp-block-gallery has-nested-images columns-default is-cropped wp-block-gallery-1 is-layout-flex wp-block-gallery-is-layout-flex\">\n<figure class=\"wp-block-image size-full\"><img data-dominant-color=\"4c7972\" data-has-transparency=\"false\" style=\"--dominant-color: #4c7972;\" decoding=\"async\" width=\"1269\" height=\"847\" data-id=\"13606\" src=\"https:\/\/www.sejoya.fr\/wp-content\/uploads\/2025\/04\/parc-aquatique-du-camping-sejoya-bella-vista-pastilles-logo.webp\" alt=\"Wasserpark auf dem Campingplatz Sejoya Bella Vista Logo-Pastillen\" class=\"wp-image-13606 not-transparent\" srcset=\"https:\/\/www.sejoya.fr\/wp-content\/uploads\/2025\/04\/parc-aquatique-du-camping-sejoya-bella-vista-pastilles-logo.webp 1269w, https:\/\/www.sejoya.fr\/wp-content\/uploads\/2025\/04\/parc-aquatique-du-camping-sejoya-bella-vista-pastilles-logo-300x200.webp 300w, https:\/\/www.sejoya.fr\/wp-content\/uploads\/2025\/04\/parc-aquatique-du-camping-sejoya-bella-vista-pastilles-logo-1024x683.webp 1024w, https:\/\/www.sejoya.fr\/wp-content\/uploads\/2025\/04\/parc-aquatique-du-camping-sejoya-bella-vista-pastilles-logo-768x513.webp 768w\" sizes=\"(max-width: 1269px) 100vw, 1269px\" \/><\/figure>\n\n\n\n<figure class=\"wp-block-image size-full\"><img data-dominant-color=\"676c6a\" data-has-transparency=\"false\" style=\"--dominant-color: #676c6a;\" decoding=\"async\" width=\"1269\" height=\"847\" data-id=\"13611\" src=\"https:\/\/www.sejoya.fr\/wp-content\/uploads\/2025\/04\/espace-balneo-au-camping-bella-vista-de-calvi-offrez-vous-une-pause-pastilles-logo.webp\" alt=\"Balneo-Bereich auf dem Campingplatz Bella Vista in Calvi G&#xF6;nnen Sie sich eine Pause Logo-Tabletten\" class=\"wp-image-13611 not-transparent\" srcset=\"https:\/\/www.sejoya.fr\/wp-content\/uploads\/2025\/04\/espace-balneo-au-camping-bella-vista-de-calvi-offrez-vous-une-pause-pastilles-logo.webp 1269w, https:\/\/www.sejoya.fr\/wp-content\/uploads\/2025\/04\/espace-balneo-au-camping-bella-vista-de-calvi-offrez-vous-une-pause-pastilles-logo-300x200.webp 300w, https:\/\/www.sejoya.fr\/wp-content\/uploads\/2025\/04\/espace-balneo-au-camping-bella-vista-de-calvi-offrez-vous-une-pause-pastilles-logo-1024x683.webp 1024w, https:\/\/www.sejoya.fr\/wp-content\/uploads\/2025\/04\/espace-balneo-au-camping-bella-vista-de-calvi-offrez-vous-une-pause-pastilles-logo-768x513.webp 768w\" sizes=\"(max-width: 1269px) 100vw, 1269px\" \/><\/figure>\n<\/figure>\n<\/div>\n<\/div>\n<\/section>\n\n<section class=\"wp-block-group home-third section-three is-layout-flow wp-block-group-is-layout-flow\" style=\"margin-top:var(--wp--preset--spacing--50);margin-bottom:0;padding-top:0;padding-bottom:0\">\n<div data-swiper=\"{&quot;speed&quot;:1000,&quot;autoplay&quot;:{&quot;delay&quot;:5000,&quot;disableOnInteraction&quot;:false},&quot;spaceBetween&quot;:0,&quot;slidesPerView&quot;:1,&quot;pagination&quot;:{&quot;el&quot;:&quot;.swiper-pagination&quot;,&quot;dynamicBullets&quot;:true,&quot;clickable&quot;:true,&quot;type&quot;:&quot;bullets&quot;},&quot;navigation&quot;:{&quot;nextEl&quot;:&quot;.swiper-button-next&quot;,&quot;prevEl&quot;:&quot;.swiper-button-prev&quot;},&quot;breakpoints&quot;:[{&quot;slidesPerView&quot;:1}]}\" class=\"wp-block-cover aligncenter has-custom-content-position is-position-bottom-center\" style=\"margin-top:0;margin-bottom:0;padding-top:12rem;padding-bottom:7rem;min-height:900px;aspect-ratio:unset;\"><img data-dominant-color=\"4d6357\" data-has-transparency=\"false\" style=\"--dominant-color: #4d6357;\" decoding=\"async\" width=\"1920\" height=\"908\" class=\"wp-block-cover__image-background wp-image-10411 not-transparent\" alt=\"activites aqualudiques groupe sejoya\" src=\"https:\/\/www.sejoya.fr\/wp-content\/uploads\/2025\/02\/activites-aqualudiques-groupe-sejoya.webp\" data-object-fit=\"cover\" srcset=\"https:\/\/www.sejoya.fr\/wp-content\/uploads\/2025\/02\/activites-aqualudiques-groupe-sejoya.webp 1920w, https:\/\/www.sejoya.fr\/wp-content\/uploads\/2025\/02\/activites-aqualudiques-groupe-sejoya-300x142.webp 300w, https:\/\/www.sejoya.fr\/wp-content\/uploads\/2025\/02\/activites-aqualudiques-groupe-sejoya-1024x484.webp 1024w, https:\/\/www.sejoya.fr\/wp-content\/uploads\/2025\/02\/activites-aqualudiques-groupe-sejoya-768x363.webp 768w, https:\/\/www.sejoya.fr\/wp-content\/uploads\/2025\/02\/activites-aqualudiques-groupe-sejoya-1536x726.webp 1536w\" sizes=\"(max-width: 1920px) 100vw, 1920px\" \/><span aria-hidden=\"true\" class=\"wp-block-cover__background has-background-dim-80 has-background-dim wp-block-cover__gradient-background has-background-gradient\" style=\"background:linear-gradient(180deg,rgba(0,0,0,0) 0%,rgba(0,0,0,0.6) 100%)\"><\/span><div class=\"wp-block-cover__inner-container has-global-padding is-layout-constrained wp-block-cover-is-layout-constrained\">\n<h2 class=\"wp-block-heading has-text-align-center has-base-color has-text-color has-link-color wp-elements-02141b9ee53c9d5c1d56bee26aa3629e\"><strong>Wassersportaktivit\u00e4ten<\/strong><\/h2>\n\n\n\n<p class=\"has-text-align-center has-base-color has-text-color has-link-color wp-elements-fff8dd1e0d386cedf40d229d0d35444c\">Die Wasserparks der S\u00e9joya-Campingpl\u00e4tze sind viel mehr als nur Swimmingpools, sie laden Sie zu einer <strong>F\u00fclle von Aktivit\u00e4ten<\/strong> ein. Mit Wasserf\u00e4llen, Rutschen, Whirlpools, Pontons, T\u00fcrmen und Wasserspielen bietet jeder Park ein <strong>komplettes Universum rund um das Thema Wasser und Baden<\/strong>. Die Becken sind gro\u00df genug, um einfach nur zu schwimmen. Nutzen Sie auch die Aquabike-Sitzungen, um sich w\u00e4hrend Ihres Aufenthalts in Form zu halten!    <br\/><br\/><img decoding=\"async\" width=\"143\" height=\"149\" class=\"wp-image-389\" style=\"width: 25px;margin-bottom: 7px;\" src=\"https:\/\/www.sejoya.fr\/wp-content\/uploads\/2024\/10\/icones-sejoya-les-castors.svg\" alt=\"icones-sejoya-les-castors\"\/><img decoding=\"async\" width=\"200\" height=\"43\" class=\"wp-image-3487\" style=\"width: 200px;\" src=\"https:\/\/www.sejoya.fr\/wp-content\/uploads\/2024\/12\/logo-castors-camping-sejoya-mini.webp\" alt=\"icones-sejoya-les-castors\" srcset=\"https:\/\/www.sejoya.fr\/wp-content\/uploads\/2024\/12\/logo-castors-camping-sejoya-mini.webp 700w, https:\/\/www.sejoya.fr\/wp-content\/uploads\/2024\/12\/logo-castors-camping-sejoya-mini-300x64.webp 300w\" sizes=\"(max-width: 200px) 100vw, 200px\" \/><\/p>\n<\/div><\/div>\n<\/section>\n\n<div class=\"wp-block-group home-fourth section-cta has-global-padding is-layout-constrained wp-block-group-is-layout-constrained\" style=\"padding-top:var(--wp--preset--spacing--50);padding-bottom:var(--wp--preset--spacing--50)\">\n<p class=\"has-accent-color has-text-color has-link-color has-nothing-you-could-do-font-family has-x-large-font-size wp-elements-d99c49dd4220cbdd1be54c20efca279f\" style=\"margin-bottom:var(--wp--preset--spacing--20)\">Entdecken Sie unsere Animationen, Mietunterk\u00fcnfte und Dienstleistungen<\/p>\n\n\n\n<div class=\"wp-block-query is-layout-flow wp-block-query-is-layout-flow\"><ul class=\"columns-3 wp-block-post-template is-layout-grid wp-container-core-post-template-is-layout-6d3fbd8f wp-block-post-template-is-layout-grid\"><li class=\"wp-block-post post-11812 page type-page status-publish has-post-thumbnail hentry\">\n\n<figure class=\"wp-block-image\"><img decoding=\"async\" src=\"https:\/\/www.sejoya.fr\/wp-content\/uploads\/2025\/02\/camping-animations-corse-groupe-sejoya-a-calvi-cta.webp\" alt=\"Campingplatz Animationen Korsika Gruppe Sejoya in Calvi\"\/><\/figure>\n\n\n\n<p>Unsere Animationen<\/p>\n\n\n<a class=\"is-style-lien-cover wp-block-read-more\" href=\"https:\/\/www.sejoya.fr\/de\/campingplatz-animationen-korsika\/\" target=\"_self\">Weiterlesen<span class=\"screen-reader-text\">: Animationen<\/span><\/a>\n<\/li><li class=\"wp-block-post post-11833 page type-page status-publish has-post-thumbnail hentry\">\n\n<figure class=\"wp-block-image\"><img decoding=\"async\" src=\"https:\/\/www.sejoya.fr\/wp-content\/uploads\/2025\/02\/location-mobil-home-corse-groupe-sejoya-a-calvi-cta.webp\" alt=\"Vermietung Mobilheim Korsika Gruppe Sejoya in Calvi\"\/><\/figure>\n\n\n\n<p>Vermietung von Mobilheimen<\/p>\n\n\n<a class=\"is-style-lien-cover wp-block-read-more\" href=\"https:\/\/www.sejoya.fr\/de\/mobilheimvermietung-korsika\/\" target=\"_self\">Weiterlesen<span class=\"screen-reader-text\">: Unterk\u00fcnfte<\/span><\/a>\n<\/li><li class=\"wp-block-post post-11820 page type-page status-publish has-post-thumbnail hentry\">\n\n<figure class=\"wp-block-image\"><img decoding=\"async\" src=\"https:\/\/www.sejoya.fr\/wp-content\/uploads\/2025\/02\/camping-familial-corse-cta.webp\" alt=\"Familiencampingplatz Korsika\"\/><\/figure>\n\n\n\n<p>Unsere Dienstleistungen<\/p>\n\n\n<a class=\"is-style-lien-cover wp-block-read-more\" href=\"https:\/\/www.sejoya.fr\/de\/familiencampingplatz-korsika\/\" target=\"_self\">Weiterlesen<span class=\"screen-reader-text\">: Unsere Dienstleistungen<\/span><\/a>\n<\/li><\/ul><\/div>\n<\/div>\n","protected":false},"excerpt":{"rendered":"<p>Wasserparks und Swimmingpools im Herzen von Calvi Spa\u00df in unseren Wasserparks mit Rutschen auf Korsika In den Wasserparks von S\u00e9joya k\u00f6nnen Sie sich austoben und Spa\u00df haben. Zwischen den Pentagliss im Biber-Komplex und den Kurven der gro\u00dfen Rutschen in Bella Vista kommen Wasserratten auf ihre Kosten. Die Anlagen sind f\u00fcr alle zug\u00e4nglich, aber es gibt [&hellip;]<\/p>\n","protected":false},"author":1,"featured_media":10109,"parent":0,"menu_order":0,"comment_status":"closed","ping_status":"closed","template":"","meta":{"_acf_changed":false,"_seopress_robots_primary_cat":"","_seopress_titles_title":"Campingpl\u00e4tze Wasserparks in Calvi | Schwimmb\u00e4der und Wasserparks in Korsika","_seopress_titles_desc":"Unsere S\u00e9joya-Campingpl\u00e4tze verf\u00fcgen \u00fcber gro\u00dfe und wundersch\u00f6ne Wasserparks in Calvi auf Korsika: Rutschen, Wasserspiele, Lagune, Whirlpool, Liegest\u00fchle und Sonnenschirme...","_seopress_robots_index":"","inline_featured_image":false,"gt_fse_maillage_image":"https:\/\/www.sejoya.fr\/wp-content\/uploads\/2025\/02\/campings-parcs-aquatiques-corse-cta.webp","gt_fse_maillage_titre":"Wasserparks","gt_fse_maillage_alt":"Campingpl\u00e4tze Wasserparks Korsika","gt_fse_maillage_resume":"","footnotes":""},"categories":[],"tags":[],"class_list":["post-11832","page","type-page","status-publish","has-post-thumbnail","hentry"],"acf":[],"_links":{"self":[{"href":"https:\/\/www.sejoya.fr\/de\/wp-json\/wp\/v2\/pages\/11832","targetHints":{"allow":["GET"]}}],"collection":[{"href":"https:\/\/www.sejoya.fr\/de\/wp-json\/wp\/v2\/pages"}],"about":[{"href":"https:\/\/www.sejoya.fr\/de\/wp-json\/wp\/v2\/types\/page"}],"author":[{"embeddable":true,"href":"https:\/\/www.sejoya.fr\/de\/wp-json\/wp\/v2\/users\/1"}],"replies":[{"embeddable":true,"href":"https:\/\/www.sejoya.fr\/de\/wp-json\/wp\/v2\/comments?post=11832"}],"version-history":[{"count":16,"href":"https:\/\/www.sejoya.fr\/de\/wp-json\/wp\/v2\/pages\/11832\/revisions"}],"predecessor-version":[{"id":13938,"href":"https:\/\/www.sejoya.fr\/de\/wp-json\/wp\/v2\/pages\/11832\/revisions\/13938"}],"wp:featuredmedia":[{"embeddable":true,"href":"https:\/\/www.sejoya.fr\/de\/wp-json\/wp\/v2\/media\/10109"}],"wp:attachment":[{"href":"https:\/\/www.sejoya.fr\/de\/wp-json\/wp\/v2\/media?parent=11832"}],"wp:term":[{"taxonomy":"category","embeddable":true,"href":"https:\/\/www.sejoya.fr\/de\/wp-json\/wp\/v2\/categories?post=11832"},{"taxonomy":"post_tag","embeddable":true,"href":"https:\/\/www.sejoya.fr\/de\/wp-json\/wp\/v2\/tags?post=11832"}],"curies":[{"name":"wp","href":"https:\/\/api.w.org\/{rel}","templated":true}]}}