{"id":11754,"date":"2025-02-05T15:45:58","date_gmt":"2025-02-05T14:45:58","guid":{"rendered":"https:\/\/www.sejoya.fr\/recrutement-corse\/"},"modified":"2025-11-04T12:21:53","modified_gmt":"2025-11-04T11:21:53","slug":"reclutamento-corsica","status":"publish","type":"page","link":"https:\/\/www.sejoya.fr\/it\/reclutamento-corsica\/","title":{"rendered":"Reclutamento"},"content":{"rendered":"\n<section class=\"wp-block-group home-seventh section-one is-layout-flow wp-block-group-is-layout-flow\" style=\"margin-top:var(--wp--preset--spacing--50);margin-bottom:var(--wp--preset--spacing--50);padding-right:0rem;padding-left:2rem\">\n<div class=\"wp-block-columns are-vertically-aligned-center gt-no-padding-mobile is-layout-flex wp-container-core-columns-is-layout-f5462cee wp-block-columns-is-layout-flex\" style=\"padding-left:10rem\">\n<div class=\"wp-block-column is-vertically-aligned-center is-layout-flow wp-block-column-is-layout-flow\" style=\"flex-basis:35%\">\n<h1 class=\"wp-block-heading\"><strong>Unisciti ai nostri team<\/strong> su<\/h1>\n\n\n\n<p>Stai cercando <strong>un lavoro in un campeggio o in un residence turistico<\/strong>? <br\/><br\/>Scopri le <strong>nostre attuali opportunit\u00e0 di assunzione<\/strong> e i <strong>valori di lavorare<\/strong> per il gruppo indipendente e familiare <a href=\"https:\/\/www.sejoya.fr\/it\/\">S\u00e9joya<\/a> in Corsica, nella splendida citt\u00e0 di Calvi.  <\/p>\n<\/div>\n\n\n\n<div class=\"wp-block-column is-vertically-aligned-center is-layout-flow wp-block-column-is-layout-flow\" style=\"flex-basis:65%\">\n<div class=\"wp-block-group is-nowrap is-layout-flex wp-container-core-group-is-layout-6c531013 wp-block-group-is-layout-flex\">\n<figure data-wp-context=\"{&quot;imageId&quot;:&quot;69fa37fec5a39&quot;}\" data-wp-interactive=\"core\/image\" data-wp-key=\"69fa37fec5a39\" class=\"wp-block-image size-full is-resized gt-gsap-fadeIn wp-lightbox-container\"><img data-dominant-color=\"676153\" data-has-transparency=\"false\" decoding=\"async\" width=\"344\" height=\"675\" data-wp-class--hide=\"state.isContentHidden\" data-wp-class--show=\"state.isContentVisible\" data-wp-init=\"callbacks.setButtonStyles\" data-wp-on--click=\"actions.showLightbox\" data-wp-on--load=\"callbacks.setButtonStyles\" data-wp-on-window--resize=\"callbacks.setButtonStyles\" src=\"https:\/\/www.sejoya.fr\/wp-content\/uploads\/2025\/02\/rejoignez-nos-equipes-des-etablissements-sejoya.webp\" alt=\"unisciti ai nostri team sejoya\" class=\"wp-image-10183 not-transparent\" style=\"--dominant-color: #676153; width:auto;height:675px\" srcset=\"https:\/\/www.sejoya.fr\/wp-content\/uploads\/2025\/02\/rejoignez-nos-equipes-des-etablissements-sejoya.webp 344w, https:\/\/www.sejoya.fr\/wp-content\/uploads\/2025\/02\/rejoignez-nos-equipes-des-etablissements-sejoya-153x300.webp 153w\" sizes=\"(max-width: 344px) 100vw, 344px\" \/><button\n\t\t\tclass=\"lightbox-trigger\"\n\t\t\ttype=\"button\"\n\t\t\taria-haspopup=\"dialog\"\n\t\t\taria-label=\"Ingrandisci\"\n\t\t\tdata-wp-init=\"callbacks.initTriggerButton\"\n\t\t\tdata-wp-on--click=\"actions.showLightbox\"\n\t\t\tdata-wp-style--right=\"state.imageButtonRight\"\n\t\t\tdata-wp-style--top=\"state.imageButtonTop\"\n\t\t>\n\t\t\t<svg xmlns=\"http:\/\/www.w3.org\/2000\/svg\" width=\"12\" height=\"12\" fill=\"none\" viewBox=\"0 0 12 12\">\n\t\t\t\t<path fill=\"#fff\" d=\"M2 0a2 2 0 0 0-2 2v2h1.5V2a.5.5 0 0 1 .5-.5h2V0H2Zm2 10.5H2a.5.5 0 0 1-.5-.5V8H0v2a2 2 0 0 0 2 2h2v-1.5ZM8 12v-1.5h2a.5.5 0 0 0 .5-.5V8H12v2a2 2 0 0 1-2 2H8Zm2-12a2 2 0 0 1 2 2v2h-1.5V2a.5.5 0 0 0-.5-.5H8V0h2Z\" \/>\n\t\t\t<\/svg>\n\t\t<\/button><\/figure>\n\n\n\n<figure data-wp-context=\"{&quot;imageId&quot;:&quot;69fa37fec5f45&quot;}\" data-wp-interactive=\"core\/image\" data-wp-key=\"69fa37fec5f45\" class=\"wp-block-image size-full is-resized gt-gsap-fadeIn wp-lightbox-container\"><img data-dominant-color=\"746d6a\" data-has-transparency=\"false\" decoding=\"async\" width=\"344\" height=\"800\" data-wp-class--hide=\"state.isContentHidden\" data-wp-class--show=\"state.isContentVisible\" data-wp-init=\"callbacks.setButtonStyles\" data-wp-on--click=\"actions.showLightbox\" data-wp-on--load=\"callbacks.setButtonStyles\" data-wp-on-window--resize=\"callbacks.setButtonStyles\" src=\"https:\/\/www.sejoya.fr\/wp-content\/uploads\/2025\/02\/emploi-en-camping.webp\" alt=\"lavori in campeggio\" class=\"wp-image-10187 not-transparent\" style=\"--dominant-color: #746d6a; width:auto;height:800px\" srcset=\"https:\/\/www.sejoya.fr\/wp-content\/uploads\/2025\/02\/emploi-en-camping.webp 344w, https:\/\/www.sejoya.fr\/wp-content\/uploads\/2025\/02\/emploi-en-camping-129x300.webp 129w\" sizes=\"(max-width: 344px) 100vw, 344px\" \/><button\n\t\t\tclass=\"lightbox-trigger\"\n\t\t\ttype=\"button\"\n\t\t\taria-haspopup=\"dialog\"\n\t\t\taria-label=\"Ingrandisci\"\n\t\t\tdata-wp-init=\"callbacks.initTriggerButton\"\n\t\t\tdata-wp-on--click=\"actions.showLightbox\"\n\t\t\tdata-wp-style--right=\"state.imageButtonRight\"\n\t\t\tdata-wp-style--top=\"state.imageButtonTop\"\n\t\t>\n\t\t\t<svg xmlns=\"http:\/\/www.w3.org\/2000\/svg\" width=\"12\" height=\"12\" fill=\"none\" viewBox=\"0 0 12 12\">\n\t\t\t\t<path fill=\"#fff\" d=\"M2 0a2 2 0 0 0-2 2v2h1.5V2a.5.5 0 0 1 .5-.5h2V0H2Zm2 10.5H2a.5.5 0 0 1-.5-.5V8H0v2a2 2 0 0 0 2 2h2v-1.5ZM8 12v-1.5h2a.5.5 0 0 0 .5-.5V8H12v2a2 2 0 0 1-2 2H8Zm2-12a2 2 0 0 1 2 2v2h-1.5V2a.5.5 0 0 0-.5-.5H8V0h2Z\" \/>\n\t\t\t<\/svg>\n\t\t<\/button><\/figure>\n\n\n\n<figure data-wp-context=\"{&quot;imageId&quot;:&quot;69fa37fec63b1&quot;}\" data-wp-interactive=\"core\/image\" data-wp-key=\"69fa37fec63b1\" class=\"wp-block-image size-full is-resized gt-gsap-fadeIn wp-lightbox-container\"><img data-dominant-color=\"496375\" data-has-transparency=\"false\" decoding=\"async\" width=\"344\" height=\"900\" data-wp-class--hide=\"state.isContentHidden\" data-wp-class--show=\"state.isContentVisible\" data-wp-init=\"callbacks.setButtonStyles\" data-wp-on--click=\"actions.showLightbox\" data-wp-on--load=\"callbacks.setButtonStyles\" data-wp-on-window--resize=\"callbacks.setButtonStyles\" src=\"https:\/\/www.sejoya.fr\/wp-content\/uploads\/2025\/02\/la-belle-ville-de-calvi.webp\" alt=\"la bellissima citt&#xE0; di calvi\" class=\"wp-image-10191 not-transparent\" style=\"--dominant-color: #496375; width:auto;height:900px\" srcset=\"https:\/\/www.sejoya.fr\/wp-content\/uploads\/2025\/02\/la-belle-ville-de-calvi.webp 344w, https:\/\/www.sejoya.fr\/wp-content\/uploads\/2025\/02\/la-belle-ville-de-calvi-115x300.webp 115w\" sizes=\"(max-width: 344px) 100vw, 344px\" \/><button\n\t\t\tclass=\"lightbox-trigger\"\n\t\t\ttype=\"button\"\n\t\t\taria-haspopup=\"dialog\"\n\t\t\taria-label=\"Ingrandisci\"\n\t\t\tdata-wp-init=\"callbacks.initTriggerButton\"\n\t\t\tdata-wp-on--click=\"actions.showLightbox\"\n\t\t\tdata-wp-style--right=\"state.imageButtonRight\"\n\t\t\tdata-wp-style--top=\"state.imageButtonTop\"\n\t\t>\n\t\t\t<svg xmlns=\"http:\/\/www.w3.org\/2000\/svg\" width=\"12\" height=\"12\" fill=\"none\" viewBox=\"0 0 12 12\">\n\t\t\t\t<path fill=\"#fff\" d=\"M2 0a2 2 0 0 0-2 2v2h1.5V2a.5.5 0 0 1 .5-.5h2V0H2Zm2 10.5H2a.5.5 0 0 1-.5-.5V8H0v2a2 2 0 0 0 2 2h2v-1.5ZM8 12v-1.5h2a.5.5 0 0 0 .5-.5V8H12v2a2 2 0 0 1-2 2H8Zm2-12a2 2 0 0 1 2 2v2h-1.5V2a.5.5 0 0 0-.5-.5H8V0h2Z\" \/>\n\t\t\t<\/svg>\n\t\t<\/button><\/figure>\n<\/div>\n<\/div>\n<\/div>\n<\/section>\n\n<section class=\"wp-block-group home-fifth section-two is-layout-flow wp-block-group-is-layout-flow\" style=\"padding-right:var(--wp--preset--spacing--40);padding-left:var(--wp--preset--spacing--40)\">\n<div class=\"wp-block-columns are-vertically-aligned-center is-layout-flex wp-container-core-columns-is-layout-28232c24 wp-block-columns-is-layout-flex\">\n<div class=\"wp-block-column is-vertically-aligned-center column-right is-layout-flow wp-block-column-is-layout-flow\" style=\"flex-basis:66.66%\">\n<figure class=\"wp-block-image size-full\" style=\"margin-bottom:var(--wp--preset--spacing--30)\"><img data-dominant-color=\"585722\" data-has-transparency=\"false\" decoding=\"async\" width=\"1183\" height=\"1000\" src=\"https:\/\/www.sejoya.fr\/wp-content\/uploads\/2025\/02\/nos-valeurs-et-notre-approche-de-travail.webp\" alt=\"i nostri valori e il nostro approccio al lavoro\" class=\"wp-image-10196 not-transparent\" style=\"--dominant-color: #585722; object-fit:cover\" srcset=\"https:\/\/www.sejoya.fr\/wp-content\/uploads\/2025\/02\/nos-valeurs-et-notre-approche-de-travail.webp 1183w, https:\/\/www.sejoya.fr\/wp-content\/uploads\/2025\/02\/nos-valeurs-et-notre-approche-de-travail-300x254.webp 300w, https:\/\/www.sejoya.fr\/wp-content\/uploads\/2025\/02\/nos-valeurs-et-notre-approche-de-travail-1024x866.webp 1024w, https:\/\/www.sejoya.fr\/wp-content\/uploads\/2025\/02\/nos-valeurs-et-notre-approche-de-travail-768x649.webp 768w\" sizes=\"(max-width: 1183px) 100vw, 1183px\" \/><\/figure>\n<\/div>\n\n\n\n<div class=\"wp-block-column is-vertically-aligned-center column-left is-layout-flow wp-block-column-is-layout-flow\" style=\"padding-right:0;padding-left:0;flex-basis:33.33%\">\n<div class=\"wp-block-group gt-gsap-parallaxDown has-base-background-color has-background gt-no-padding-mobile is-layout-flow wp-block-group-is-layout-flow\" style=\"margin-bottom:var(--wp--preset--spacing--30);padding-top:var(--wp--preset--spacing--50);padding-right:6rem;padding-bottom:var(--wp--preset--spacing--50);padding-left:6rem\">\n<h2 class=\"wp-block-heading\"><strong>I nostri valori<\/strong> <br\/>e il nostro approccio al lavoro<\/h2>\n\n\n\n<p>A S\u00e9joya, <strong>i nostri valori<\/strong> sono al centro del nostro impegno: <strong>autenticit\u00e0, convivialit\u00e0 e rispetto per la natura<\/strong>. Crediamo che un <g id=\"gid_2\">team affiatato, attento e motivato<\/g> sia la chiave per offrire ai nostri visitatori esperienze di vacanza indimenticabili. Lavorare in S\u00e9joya significa entrare a far parte di una comunit\u00e0 in cui <g id=\"gid_3\">ogni membro viene valorizzato, ascoltato e incoraggiato<\/g> a contribuire alla nostra missione comune. <br\/>Il nostro approccio al lavoro si basa sulla <g id=\"gid_4\">collaborazione<\/g> e sulla <g id=\"gid_5\">passione per l&#8217;ospitalit\u00e0<\/g>. Ci piace lavorare in un ambiente dinamico, a contatto con la natura e con i nostri clienti, per creare momenti unici e autentici. Lo spirito di S\u00e9joya \u00e8 anche quello di condividere e sorridere ogni giorno, per rendere ogni vacanza un&#8217;esperienza memorabile sia per i nostri ospiti che per il nostro team.    <\/p>\n<\/div>\n<\/div>\n<\/div>\n<\/section>\n\n<section class=\"wp-block-group home-third section-three is-layout-flow wp-block-group-is-layout-flow\" style=\"margin-top:var(--wp--preset--spacing--40);margin-bottom:0;padding-top:0;padding-right:2rem;padding-bottom:0;padding-left:2rem\">\n<h2 class=\"wp-block-heading has-text-align-center\"><strong>Le nostre attuali offerte di lavoro in<\/strong> Corsica<\/h2>\n\n\n\n<div style=\"color:red;font-weight:bold;text-align:center;padding: 2rem 0;\">VISUALIZZA QUI LE OFFERTE DI LAVORO<\/div>\n<\/section>\n\n<section class=\"wp-block-group home-third section-three is-layout-flow wp-block-group-is-layout-flow\" style=\"margin-top:var(--wp--preset--spacing--50);margin-bottom:0;padding-top:0;padding-bottom:0\">\n<div data-swiper=\"{&quot;speed&quot;:1000,&quot;autoplay&quot;:{&quot;delay&quot;:5000,&quot;disableOnInteraction&quot;:false},&quot;spaceBetween&quot;:0,&quot;slidesPerView&quot;:1,&quot;pagination&quot;:{&quot;el&quot;:&quot;.swiper-pagination&quot;,&quot;dynamicBullets&quot;:true,&quot;clickable&quot;:true,&quot;type&quot;:&quot;bullets&quot;},&quot;navigation&quot;:{&quot;nextEl&quot;:&quot;.swiper-button-next&quot;,&quot;prevEl&quot;:&quot;.swiper-button-prev&quot;},&quot;breakpoints&quot;:[{&quot;slidesPerView&quot;:1}]}\" class=\"wp-block-cover aligncenter has-custom-content-position is-position-bottom-center\" style=\"margin-top:0;margin-bottom:0;padding-top:12rem;padding-bottom:7rem;min-height:900px;aspect-ratio:unset;\"><img data-dominant-color=\"787a7c\" data-has-transparency=\"false\" style=\"--dominant-color: #787a7c;\" decoding=\"async\" width=\"1920\" height=\"908\" class=\"wp-block-cover__image-background wp-image-10200 not-transparent\" alt=\"rejoindre nos equipes contactez nous\" src=\"https:\/\/www.sejoya.fr\/wp-content\/uploads\/2025\/02\/rejoindre-nos-equipes-contactez-nous.webp\" data-object-fit=\"cover\" srcset=\"https:\/\/www.sejoya.fr\/wp-content\/uploads\/2025\/02\/rejoindre-nos-equipes-contactez-nous.webp 1920w, https:\/\/www.sejoya.fr\/wp-content\/uploads\/2025\/02\/rejoindre-nos-equipes-contactez-nous-300x142.webp 300w, https:\/\/www.sejoya.fr\/wp-content\/uploads\/2025\/02\/rejoindre-nos-equipes-contactez-nous-1024x484.webp 1024w, https:\/\/www.sejoya.fr\/wp-content\/uploads\/2025\/02\/rejoindre-nos-equipes-contactez-nous-768x363.webp 768w, https:\/\/www.sejoya.fr\/wp-content\/uploads\/2025\/02\/rejoindre-nos-equipes-contactez-nous-1536x726.webp 1536w\" sizes=\"(max-width: 1920px) 100vw, 1920px\" \/><span aria-hidden=\"true\" class=\"wp-block-cover__background has-background-dim-80 has-background-dim wp-block-cover__gradient-background has-background-gradient\" style=\"background:linear-gradient(180deg,rgba(0,0,0,0) 0%,rgba(0,0,0,0.6) 100%)\"><\/span><div class=\"wp-block-cover__inner-container has-global-padding is-layout-constrained wp-block-cover-is-layout-constrained\">\n<h2 class=\"wp-block-heading has-text-align-center has-base-color has-text-color has-link-color wp-elements-99d56db9c152a29c39a3a9db5dd911ce\"><strong>Unisciti ai nostri team<\/strong>: contattaci<\/h2>\n\n\n\n<p class=\"has-text-align-center has-base-color has-text-color has-link-color wp-elements-2f097b836fb804bb9f84c9ba3eb34b84\">Vuoi entrare a far parte di un team dinamico e appassionato? <strong>S\u00e9joya sta reclutando!<\/strong> Se condividi i nostri valori e vuoi contribuire a creare vacanze indimenticabili, <a href=\"https:\/\/www.sejoya.fr\/it\/contatti-e-accesso-corsica\/\">contattaci<\/a> oggi stesso. Saremo lieti di discutere le opportunit\u00e0 a tua disposizione all&#8217;interno del Gruppo S\u00e9joya. Per entrare a far parte del nostro team, contattaci al seguente indirizzo e-mail: <a href=\"mailto:resa@sejoya.fr\" data-type=\"mailto\" data-id=\"mailto:resa@sejoya.fr\">resa@sejoya.fr<\/a><\/p>\n<\/div><\/div>\n<\/section>\n\n<div class=\"wp-block-group home-fourth section-cta has-global-padding is-layout-constrained wp-block-group-is-layout-constrained\" style=\"padding-top:var(--wp--preset--spacing--50);padding-bottom:var(--wp--preset--spacing--50)\">\n<p class=\"has-accent-color has-text-color has-link-color has-nothing-you-could-do-font-family has-x-large-font-size wp-elements-e1549bf4381c67b49bd25878c9858e07\" style=\"margin-bottom:var(--wp--preset--spacing--20)\">Scopri l&#8217;area circostante, lo spirito Sejoya o contattaci<\/p>\n\n\n\n<div class=\"wp-block-query is-layout-flow wp-block-query-is-layout-flow\"><ul class=\"columns-3 wp-block-post-template is-layout-grid wp-container-core-post-template-is-layout-6d3fbd8f wp-block-post-template-is-layout-grid\"><li class=\"wp-block-post post-11821 page type-page status-publish has-post-thumbnail hentry\">\n\n<figure class=\"wp-block-image\"><img decoding=\"async\" src=\"https:\/\/www.sejoya.fr\/wp-content\/uploads\/2025\/02\/tourisme-calvi-cta.webp\" alt=\"Turismo a Calvi\"\/><\/figure>\n\n\n\n<p>Turismo a Calvi<\/p>\n\n\n<a class=\"is-style-lien-cover wp-block-read-more\" href=\"https:\/\/www.sejoya.fr\/it\/turismo-calvi\/\" target=\"_self\">Leggi tutto<span class=\"screen-reader-text\">: I dintorni<\/span><\/a>\n<\/li><li class=\"wp-block-post post-11796 page type-page status-publish has-post-thumbnail hentry\">\n\n<figure class=\"wp-block-image\"><img decoding=\"async\" src=\"https:\/\/www.sejoya.fr\/wp-content\/uploads\/2025\/02\/contact-acces-corse-groupe-sejoya-a-calvi-cta.webp\" alt=\"contatto acces corse groupe sejoya a calvi\"\/><\/figure>\n\n\n\n<p>Contatti e accesso<\/p>\n\n\n<a class=\"is-style-lien-cover wp-block-read-more\" href=\"https:\/\/www.sejoya.fr\/it\/contatti-e-accesso-corsica\/\" target=\"_self\">Leggi tutto<span class=\"screen-reader-text\">: Contatti e informazioni<\/span><\/a>\n<\/li><li class=\"wp-block-post post-11854 page type-page status-publish has-post-thumbnail hentry\">\n\n<figure class=\"wp-block-image\"><img decoding=\"async\" src=\"https:\/\/www.sejoya.fr\/wp-content\/uploads\/2025\/02\/sejoya-corse-cta.webp\" alt=\"sejoya corsica\"\/><\/figure>\n\n\n\n<p>Gruppo S\u00e9joya<\/p>\n\n\n<a class=\"is-style-lien-cover wp-block-read-more\" href=\"https:\/\/www.sejoya.fr\/it\/corsica-sejoya\/\" target=\"_self\">Leggi tutto<span class=\"screen-reader-text\">: Lo spirito Sejoya<\/span><\/a>\n<\/li><\/ul><\/div>\n<\/div>\n","protected":false},"excerpt":{"rendered":"<p>Unisciti ai nostri team su Stai cercando un lavoro in un campeggio o in un residence turistico? Scopri le nostre attuali opportunit\u00e0 di assunzione e i valori di lavorare per il gruppo indipendente e familiare S\u00e9joya in Corsica, nella splendida citt\u00e0 di Calvi. I nostri valori e il nostro approccio al lavoro A S\u00e9joya, i [&hellip;]<\/p>\n","protected":false},"author":1,"featured_media":10046,"parent":0,"menu_order":0,"comment_status":"closed","ping_status":"closed","template":"","meta":{"_acf_changed":false,"_seopress_robots_primary_cat":"","_seopress_titles_title":"Reclutamento di S\u00e9joya nei nostri campeggi e residence a Calvi","_seopress_titles_desc":"Il gruppo familiare S\u00e9joya sta reclutando a Calvi, in Corsica, posizioni in campeggi e residence turistici: i nostri team, i nostri valori lavorativi.","_seopress_robots_index":"","inline_featured_image":false,"gt_fse_maillage_image":"https:\/\/www.sejoya.fr\/wp-content\/uploads\/2025\/02\/recrutement-corse-groupe-sejoya-a-calvi-cta.webp","gt_fse_maillage_titre":"Reclutamento S\u00e9joya","gt_fse_maillage_alt":"reclutamento in corsica groupe sejoya a calvi","gt_fse_maillage_resume":"","footnotes":""},"categories":[],"tags":[],"class_list":["post-11754","page","type-page","status-publish","has-post-thumbnail","hentry"],"acf":[],"_links":{"self":[{"href":"https:\/\/www.sejoya.fr\/it\/wp-json\/wp\/v2\/pages\/11754","targetHints":{"allow":["GET"]}}],"collection":[{"href":"https:\/\/www.sejoya.fr\/it\/wp-json\/wp\/v2\/pages"}],"about":[{"href":"https:\/\/www.sejoya.fr\/it\/wp-json\/wp\/v2\/types\/page"}],"author":[{"embeddable":true,"href":"https:\/\/www.sejoya.fr\/it\/wp-json\/wp\/v2\/users\/1"}],"replies":[{"embeddable":true,"href":"https:\/\/www.sejoya.fr\/it\/wp-json\/wp\/v2\/comments?post=11754"}],"version-history":[{"count":7,"href":"https:\/\/www.sejoya.fr\/it\/wp-json\/wp\/v2\/pages\/11754\/revisions"}],"predecessor-version":[{"id":13926,"href":"https:\/\/www.sejoya.fr\/it\/wp-json\/wp\/v2\/pages\/11754\/revisions\/13926"}],"wp:featuredmedia":[{"embeddable":true,"href":"https:\/\/www.sejoya.fr\/it\/wp-json\/wp\/v2\/media\/10046"}],"wp:attachment":[{"href":"https:\/\/www.sejoya.fr\/it\/wp-json\/wp\/v2\/media?parent=11754"}],"wp:term":[{"taxonomy":"category","embeddable":true,"href":"https:\/\/www.sejoya.fr\/it\/wp-json\/wp\/v2\/categories?post=11754"},{"taxonomy":"post_tag","embeddable":true,"href":"https:\/\/www.sejoya.fr\/it\/wp-json\/wp\/v2\/tags?post=11754"}],"curies":[{"name":"wp","href":"https:\/\/api.w.org\/{rel}","templated":true}]}}