{"id":11762,"date":"2025-02-05T15:50:35","date_gmt":"2025-02-05T14:50:35","guid":{"rendered":"https:\/\/www.sejoya.fr\/mentions-legales\/"},"modified":"2025-11-03T13:46:51","modified_gmt":"2025-11-03T12:46:51","slug":"informazioni-legali","status":"publish","type":"page","link":"https:\/\/www.sejoya.fr\/it\/informazioni-legali\/","title":{"rendered":"Informazioni legali"},"content":{"rendered":"\n<section class=\"wp-block-group home-seventh section-one is-layout-flow wp-block-group-is-layout-flow\" style=\"margin-top:var(--wp--preset--spacing--50);margin-bottom:var(--wp--preset--spacing--50);padding-right:2rem;padding-left:2rem\">\n<div class=\"wp-block-columns are-vertically-aligned-center gt-no-padding-mobile is-layout-flex wp-container-core-columns-is-layout-f5462cee wp-block-columns-is-layout-flex\" style=\"padding-left:10rem\">\n<div class=\"wp-block-column is-layout-flow wp-block-column-is-layout-flow\">\n<h1 class=\"wp-block-heading\">Informazioni legali<\/h1>\n\n\n\n<h2 class=\"wp-block-heading\">Responsabile del sito<\/h2>\n\n\n\n<p><strong>S\u00c9JOYA VACANCES<\/strong><mark style=\"background-color:#e66641\" class=\"has-inline-color\">(A VENIR<\/mark>) <br\/>ROUTE DE PIETRAMAGGIORE, 20260 CALVI <br\/>T\u00e9l. 04 20 19 00 90<br\/>Email: resa@sejoya.fr <br\/>SIREN : A VENIR <br\/>IVA intracomunitaria : A VENIR <br\/>Capitale sociale : A VENIR <br\/>Responsabile della pubblicazione : A VENIR<\/p>\n\n\n\n<h2 class=\"wp-block-heading\">PRODUZIONE<\/h2>\n\n\n\n<p><strong>GEEK TONIC<\/strong> <br\/>Rappresentato da Yohan Darmayan in qualit\u00e0 di Manager <br\/>Sede legale: 50 AV. DU LAC MARION 64200 BIARRITZ <br\/>Tel: 05 32 74 11 52 <br\/>E-mail: support@geek-tonic.com <br\/>Sito web <a href=\"https:\/\/www.geek-tonic.com\/\" target=\"_blank\" rel=\"noreferrer noopener\">www.geek-tonic.com<\/a> <br\/>SIRET: 89746755100015 <br\/>APE: 6201Z <\/p>\n\n\n\n<h2 class=\"wp-block-heading\">COPYRIGHT<\/h2>\n\n\n\n<p>L&#8217;intero contenuto di questo sito \u00e8 soggetto a copyright e propriet\u00e0 intellettuale ai sensi della legge francese. \u00c8 vietata qualsiasi riproduzione (incluse foto, icone e documenti scaricabili) senza il preventivo consenso di GEEK TONIC. \u00c8 vietata la riproduzione su supporto elettronico di tutto o parte del sito in formato cartaceo o elettronico. GEEK TONIC declina ogni responsabilit\u00e0 per il contenuto del sito. GEEK TONIC declina inoltre ogni responsabilit\u00e0 per quanto riguarda i link esterni che puntano al presente sito.   <\/p>\n\n\n\n<h2 class=\"wp-block-heading\">DATI PERSONALI E INFORMAZIONI NOMINATIVE<\/h2>\n\n\n\n<p>Hai il diritto di accedere, modificare, rettificare e cancellare i dati che ti riguardano ai sensi dell&#8217;articolo 34 della legge francese sulla protezione dei dati personali n. 78-17 del 6 gennaio 1978, modificata il 6 agosto 2018. Per esercitare questo diritto di accesso, invia una richiesta scritta all&#8217;editore del sito. <\/p>\n\n\n\n<h2 class=\"wp-block-heading\">LEGISLAZIONE<\/h2>\n\n\n\n<p>Ai sensi della legge dell&#8217;11 marzo 1957 (art. 41) e del codice della propriet\u00e0 intellettuale del 1 luglio 1992, \u00e8 vietata la riproduzione totale o parziale del sito senza la preventiva autorizzazione dell&#8217;editore del sito. Loghi, immagini, foto, video, grafici e testi sono di propriet\u00e0 dei rispettivi titolari. Questo sito potrebbe essere collegato, a sua insaputa, ad altri siti tramite link ipermediali. L&#8217;editore del sito declina ogni responsabilit\u00e0 per le informazioni presentate in questi siti. Gli utenti di Internet riconoscono che l&#8217;uso di questo sito \u00e8 regolato dalla legge francese.    <\/p>\n<\/div>\n<\/div>\n<\/section>\n","protected":false},"excerpt":{"rendered":"<p>Informazioni legali Responsabile del sito S\u00c9JOYA VACANCES(A VENIR) ROUTE DE PIETRAMAGGIORE, 20260 CALVI T\u00e9l. 04 20 19 00 90Email: resa@sejoya.fr SIREN : A VENIR IVA intracomunitaria : A VENIR Capitale sociale : A VENIR Responsabile della pubblicazione : A VENIR PRODUZIONE GEEK TONIC Rappresentato da Yohan Darmayan in qualit\u00e0 di Manager Sede legale: 50 AV. [&hellip;]<\/p>\n","protected":false},"author":1,"featured_media":10019,"parent":0,"menu_order":0,"comment_status":"closed","ping_status":"closed","template":"","meta":{"_acf_changed":false,"_seopress_robots_primary_cat":"","_seopress_titles_title":"%%post_title%% %%sep%% %%sitetitle%%","_seopress_titles_desc":"%%post_excerpt%%","_seopress_robots_index":"yes","inline_featured_image":false,"gt_fse_maillage_image":"https:\/\/www.sejoya.fr\/wp-content\/uploads\/2025\/02\/mentions-legales-groupe-sejoya-a-calvi-en-corse-cta.webp","gt_fse_maillage_titre":"Informazioni legali","gt_fse_maillage_alt":"informazioni legali gruppo sejoya a calvi, corsica","gt_fse_maillage_resume":"","footnotes":""},"categories":[],"tags":[],"class_list":["post-11762","page","type-page","status-publish","has-post-thumbnail","hentry"],"acf":[],"_links":{"self":[{"href":"https:\/\/www.sejoya.fr\/it\/wp-json\/wp\/v2\/pages\/11762","targetHints":{"allow":["GET"]}}],"collection":[{"href":"https:\/\/www.sejoya.fr\/it\/wp-json\/wp\/v2\/pages"}],"about":[{"href":"https:\/\/www.sejoya.fr\/it\/wp-json\/wp\/v2\/types\/page"}],"author":[{"embeddable":true,"href":"https:\/\/www.sejoya.fr\/it\/wp-json\/wp\/v2\/users\/1"}],"replies":[{"embeddable":true,"href":"https:\/\/www.sejoya.fr\/it\/wp-json\/wp\/v2\/comments?post=11762"}],"version-history":[{"count":10,"href":"https:\/\/www.sejoya.fr\/it\/wp-json\/wp\/v2\/pages\/11762\/revisions"}],"predecessor-version":[{"id":13845,"href":"https:\/\/www.sejoya.fr\/it\/wp-json\/wp\/v2\/pages\/11762\/revisions\/13845"}],"wp:featuredmedia":[{"embeddable":true,"href":"https:\/\/www.sejoya.fr\/it\/wp-json\/wp\/v2\/media\/10019"}],"wp:attachment":[{"href":"https:\/\/www.sejoya.fr\/it\/wp-json\/wp\/v2\/media?parent=11762"}],"wp:term":[{"taxonomy":"category","embeddable":true,"href":"https:\/\/www.sejoya.fr\/it\/wp-json\/wp\/v2\/categories?post=11762"},{"taxonomy":"post_tag","embeddable":true,"href":"https:\/\/www.sejoya.fr\/it\/wp-json\/wp\/v2\/tags?post=11762"}],"curies":[{"name":"wp","href":"https:\/\/api.w.org\/{rel}","templated":true}]}}