{"id":11850,"date":"2024-10-14T16:11:49","date_gmt":"2024-10-14T14:11:49","guid":{"rendered":"https:\/\/www.sejoya.fr\/campings-parcs-aquatiques-corse\/"},"modified":"2025-11-04T12:26:51","modified_gmt":"2025-11-04T11:26:51","slug":"campeggi-parchi-acquatici-corsica","status":"publish","type":"page","link":"https:\/\/www.sejoya.fr\/it\/campeggi-parchi-acquatici-corsica\/","title":{"rendered":"Parchi acquatici"},"content":{"rendered":"\n<section class=\"wp-block-group home-seventh section-one is-layout-flow wp-block-group-is-layout-flow\" style=\"margin-top:var(--wp--preset--spacing--50);margin-bottom:var(--wp--preset--spacing--50);padding-right:0rem;padding-left:2rem\">\n<div class=\"wp-block-columns are-vertically-aligned-center gt-no-padding-mobile is-layout-flex wp-container-core-columns-is-layout-f5462cee wp-block-columns-is-layout-flex\" style=\"padding-left:10rem\">\n<div class=\"wp-block-column is-vertically-aligned-center is-layout-flow wp-block-column-is-layout-flow\" style=\"flex-basis:35%\">\n<h1 class=\"wp-block-heading\"><strong>Parchi acquatici<\/strong> <br\/>e piscine nel cuore di Calvi<\/h1>\n\n\n\n<h2 class=\"wp-block-heading\">Divertimento nel nostro <br\/><strong>parco acquatico con<\/strong><br\/><strong>scivoli in Corsica<\/strong><\/h2>\n\n\n\n<p>I <strong>parchi acquatici<\/strong> di <a href=\"https:\/\/www.sejoya.fr\/it\/corsica-sejoya\/\">S\u00e9joya<\/a> sono fatti per l&#8217;esercizio fisico e il divertimento. Tra il <strong>pentagliss del complesso Beavers<\/strong> e le curve dei <strong>grandi scivoli del <a href=\"https:\/\/www.sejoya.fr\/it\/campeggio-bella-vista-calvi\/\">Bella Vista<\/a><\/strong>, gli amanti degli acquascivoli avranno di che divertirsi. Le strutture sono accessibili a tutti, ma ci sono anche scivoli sensazionali per i pi\u00f9 esperti. \u00c8 tempo di vacanze attive, risate e sfide! E se i tuoi pomeriggi in piscina fossero uno dei tuoi ricordi pi\u00f9 belli dell&#8217;isola?     <\/p>\n<\/div>\n\n\n\n<div class=\"wp-block-column is-vertically-aligned-center is-layout-flow wp-block-column-is-layout-flow\" style=\"flex-basis:65%\">\n<div class=\"wp-block-group is-nowrap is-layout-flex wp-container-core-group-is-layout-6c531013 wp-block-group-is-layout-flex\">\n<figure data-wp-context=\"{&quot;imageId&quot;:&quot;69fa269e569a3&quot;}\" data-wp-interactive=\"core\/image\" data-wp-key=\"69fa269e569a3\" class=\"wp-block-image size-full is-resized gt-gsap-fadeIn wp-container-content-9cfa9a5a wp-lightbox-container\"><img data-dominant-color=\"3f6976\" data-has-transparency=\"false\" decoding=\"async\" width=\"344\" height=\"675\" data-wp-class--hide=\"state.isContentHidden\" data-wp-class--show=\"state.isContentVisible\" data-wp-init=\"callbacks.setButtonStyles\" data-wp-on--click=\"actions.showLightbox\" data-wp-on--load=\"callbacks.setButtonStyles\" data-wp-on-window--resize=\"callbacks.setButtonStyles\" src=\"https:\/\/www.sejoya.fr\/wp-content\/uploads\/2025\/02\/espaces-aquatiques-et-piscines-au-coeur-de-calvi.webp\" alt=\"spazi acquatici e piscine nel cuore di calvi\" class=\"wp-image-10386 not-transparent\" style=\"--dominant-color: #3f6976; width:auto;height:675px\" srcset=\"https:\/\/www.sejoya.fr\/wp-content\/uploads\/2025\/02\/espaces-aquatiques-et-piscines-au-coeur-de-calvi.webp 344w, https:\/\/www.sejoya.fr\/wp-content\/uploads\/2025\/02\/espaces-aquatiques-et-piscines-au-coeur-de-calvi-153x300.webp 153w\" sizes=\"(max-width: 344px) 100vw, 344px\" \/><button\n\t\t\tclass=\"lightbox-trigger\"\n\t\t\ttype=\"button\"\n\t\t\taria-haspopup=\"dialog\"\n\t\t\taria-label=\"Ingrandisci\"\n\t\t\tdata-wp-init=\"callbacks.initTriggerButton\"\n\t\t\tdata-wp-on--click=\"actions.showLightbox\"\n\t\t\tdata-wp-style--right=\"state.imageButtonRight\"\n\t\t\tdata-wp-style--top=\"state.imageButtonTop\"\n\t\t>\n\t\t\t<svg xmlns=\"http:\/\/www.w3.org\/2000\/svg\" width=\"12\" height=\"12\" fill=\"none\" viewBox=\"0 0 12 12\">\n\t\t\t\t<path fill=\"#fff\" d=\"M2 0a2 2 0 0 0-2 2v2h1.5V2a.5.5 0 0 1 .5-.5h2V0H2Zm2 10.5H2a.5.5 0 0 1-.5-.5V8H0v2a2 2 0 0 0 2 2h2v-1.5ZM8 12v-1.5h2a.5.5 0 0 0 .5-.5V8H12v2a2 2 0 0 1-2 2H8Zm2-12a2 2 0 0 1 2 2v2h-1.5V2a.5.5 0 0 0-.5-.5H8V0h2Z\" \/>\n\t\t\t<\/svg>\n\t\t<\/button><\/figure>\n\n\n\n<figure data-wp-context=\"{&quot;imageId&quot;:&quot;69fa269e56cc4&quot;}\" data-wp-interactive=\"core\/image\" data-wp-key=\"69fa269e56cc4\" class=\"wp-block-image size-full is-resized gt-gsap-fadeIn wp-lightbox-container\"><img data-dominant-color=\"786e5d\" data-has-transparency=\"false\" decoding=\"async\" width=\"344\" height=\"800\" data-wp-class--hide=\"state.isContentHidden\" data-wp-class--show=\"state.isContentVisible\" data-wp-init=\"callbacks.setButtonStyles\" data-wp-on--click=\"actions.showLightbox\" data-wp-on--load=\"callbacks.setButtonStyles\" data-wp-on-window--resize=\"callbacks.setButtonStyles\" src=\"https:\/\/www.sejoya.fr\/wp-content\/uploads\/2025\/02\/rigolade-dans-nos-espaces-aquatiques-avec-toboggans-en-corse.webp\" alt=\"divertimento nei nostri parchi acquatici con scivoli in corsica\" class=\"wp-image-10390 not-transparent\" style=\"--dominant-color: #786e5d; width:auto;height:800px\" srcset=\"https:\/\/www.sejoya.fr\/wp-content\/uploads\/2025\/02\/rigolade-dans-nos-espaces-aquatiques-avec-toboggans-en-corse.webp 344w, https:\/\/www.sejoya.fr\/wp-content\/uploads\/2025\/02\/rigolade-dans-nos-espaces-aquatiques-avec-toboggans-en-corse-129x300.webp 129w\" sizes=\"(max-width: 344px) 100vw, 344px\" \/><button\n\t\t\tclass=\"lightbox-trigger\"\n\t\t\ttype=\"button\"\n\t\t\taria-haspopup=\"dialog\"\n\t\t\taria-label=\"Ingrandisci\"\n\t\t\tdata-wp-init=\"callbacks.initTriggerButton\"\n\t\t\tdata-wp-on--click=\"actions.showLightbox\"\n\t\t\tdata-wp-style--right=\"state.imageButtonRight\"\n\t\t\tdata-wp-style--top=\"state.imageButtonTop\"\n\t\t>\n\t\t\t<svg xmlns=\"http:\/\/www.w3.org\/2000\/svg\" width=\"12\" height=\"12\" fill=\"none\" viewBox=\"0 0 12 12\">\n\t\t\t\t<path fill=\"#fff\" d=\"M2 0a2 2 0 0 0-2 2v2h1.5V2a.5.5 0 0 1 .5-.5h2V0H2Zm2 10.5H2a.5.5 0 0 1-.5-.5V8H0v2a2 2 0 0 0 2 2h2v-1.5ZM8 12v-1.5h2a.5.5 0 0 0 .5-.5V8H12v2a2 2 0 0 1-2 2H8Zm2-12a2 2 0 0 1 2 2v2h-1.5V2a.5.5 0 0 0-.5-.5H8V0h2Z\" \/>\n\t\t\t<\/svg>\n\t\t<\/button><\/figure>\n\n\n\n<figure data-wp-context=\"{&quot;imageId&quot;:&quot;69fa269e56f64&quot;}\" data-wp-interactive=\"core\/image\" data-wp-key=\"69fa269e56f64\" class=\"wp-block-image size-full is-resized gt-gsap-fadeIn wp-lightbox-container\"><img data-dominant-color=\"9f6c7d\" data-has-transparency=\"false\" decoding=\"async\" width=\"344\" height=\"900\" data-wp-class--hide=\"state.isContentHidden\" data-wp-class--show=\"state.isContentVisible\" data-wp-init=\"callbacks.setButtonStyles\" data-wp-on--click=\"actions.showLightbox\" data-wp-on--load=\"callbacks.setButtonStyles\" data-wp-on-window--resize=\"callbacks.setButtonStyles\" src=\"https:\/\/www.sejoya.fr\/wp-content\/uploads\/2025\/02\/les-pentagliss-du-complexe-des-castors.webp\" alt=\"il pentagliss del complesso beaver\" class=\"wp-image-10394 not-transparent\" style=\"--dominant-color: #9f6c7d; width:auto;height:900px\" srcset=\"https:\/\/www.sejoya.fr\/wp-content\/uploads\/2025\/02\/les-pentagliss-du-complexe-des-castors.webp 344w, https:\/\/www.sejoya.fr\/wp-content\/uploads\/2025\/02\/les-pentagliss-du-complexe-des-castors-115x300.webp 115w\" sizes=\"(max-width: 344px) 100vw, 344px\" \/><button\n\t\t\tclass=\"lightbox-trigger\"\n\t\t\ttype=\"button\"\n\t\t\taria-haspopup=\"dialog\"\n\t\t\taria-label=\"Ingrandisci\"\n\t\t\tdata-wp-init=\"callbacks.initTriggerButton\"\n\t\t\tdata-wp-on--click=\"actions.showLightbox\"\n\t\t\tdata-wp-style--right=\"state.imageButtonRight\"\n\t\t\tdata-wp-style--top=\"state.imageButtonTop\"\n\t\t>\n\t\t\t<svg xmlns=\"http:\/\/www.w3.org\/2000\/svg\" width=\"12\" height=\"12\" fill=\"none\" viewBox=\"0 0 12 12\">\n\t\t\t\t<path fill=\"#fff\" d=\"M2 0a2 2 0 0 0-2 2v2h1.5V2a.5.5 0 0 1 .5-.5h2V0H2Zm2 10.5H2a.5.5 0 0 1-.5-.5V8H0v2a2 2 0 0 0 2 2h2v-1.5ZM8 12v-1.5h2a.5.5 0 0 0 .5-.5V8H12v2a2 2 0 0 1-2 2H8Zm2-12a2 2 0 0 1 2 2v2h-1.5V2a.5.5 0 0 0-.5-.5H8V0h2Z\" \/>\n\t\t\t<\/svg>\n\t\t<\/button><\/figure>\n<\/div>\n<\/div>\n<\/div>\n<\/section>\n\n<section class=\"wp-block-group home-fifth section-two is-layout-flow wp-block-group-is-layout-flow\" style=\"padding-right:var(--wp--preset--spacing--40);padding-left:var(--wp--preset--spacing--40)\">\n<div class=\"wp-block-columns are-vertically-aligned-center is-layout-flex wp-container-core-columns-is-layout-28232c24 wp-block-columns-is-layout-flex\">\n<div class=\"wp-block-column is-vertically-aligned-center column-right is-layout-flow wp-block-column-is-layout-flow\" style=\"flex-basis:66.66%\">\n<figure class=\"wp-block-image size-full\" style=\"margin-bottom:var(--wp--preset--spacing--30)\"><img data-dominant-color=\"2f6576\" data-has-transparency=\"false\" decoding=\"async\" width=\"1183\" height=\"1000\" src=\"https:\/\/www.sejoya.fr\/wp-content\/uploads\/2025\/04\/sous-le-soleil-corse-votre-bulle-de-fraicheur-dans-les-piscines-des-campings-pastilles-logo.webp\" alt=\"sotto il sole della Corsica la tua bolla di freschezza nelle piscine dei campeggi logo pastilles\" class=\"wp-image-13602 not-transparent\" style=\"--dominant-color: #2f6576; object-fit:cover\" srcset=\"https:\/\/www.sejoya.fr\/wp-content\/uploads\/2025\/04\/sous-le-soleil-corse-votre-bulle-de-fraicheur-dans-les-piscines-des-campings-pastilles-logo.webp 1183w, https:\/\/www.sejoya.fr\/wp-content\/uploads\/2025\/04\/sous-le-soleil-corse-votre-bulle-de-fraicheur-dans-les-piscines-des-campings-pastilles-logo-300x254.webp 300w, https:\/\/www.sejoya.fr\/wp-content\/uploads\/2025\/04\/sous-le-soleil-corse-votre-bulle-de-fraicheur-dans-les-piscines-des-campings-pastilles-logo-1024x866.webp 1024w, https:\/\/www.sejoya.fr\/wp-content\/uploads\/2025\/04\/sous-le-soleil-corse-votre-bulle-de-fraicheur-dans-les-piscines-des-campings-pastilles-logo-768x649.webp 768w\" sizes=\"(max-width: 1183px) 100vw, 1183px\" \/><\/figure>\n<\/div>\n\n\n\n<div class=\"wp-block-column is-vertically-aligned-center column-left is-layout-flow wp-block-column-is-layout-flow\" style=\"padding-right:0;padding-left:0;flex-basis:33.33%\">\n<div class=\"wp-block-group gt-gsap-parallaxDown has-base-background-color has-background gt-no-padding-mobile is-layout-flow wp-block-group-is-layout-flow\" style=\"margin-bottom:var(--wp--preset--spacing--30);padding-top:var(--wp--preset--spacing--50);padding-right:6rem;padding-bottom:var(--wp--preset--spacing--50);padding-left:6rem\">\n<h2 class=\"wp-block-heading\">Sotto il sole della Corsica, <br\/><strong>la tua bolla fresca nelle <\/strong><br\/><strong>piscine del campeggio<\/strong><\/h2>\n\n\n\n<p>Le estati in Corsica sono rinomate per essere generosamente soleggiate. In un ambiente pi\u00f9 ombreggiato rispetto alle spiagge, i <g id=\"gid_0\">campeggi S\u00e9joya<\/g> offrono <g id=\"gid_1\">rinfrescanti bagni<\/g> in acqua dolce. Nella piscina puoi oziare su una <strong>sdraio all&#8217;ombra di un ombrellone<\/strong>, fare un tuffo, nuotare o semplicemente <strong>mettere i piedi in acqua<\/strong>. In bassa stagione, la piscina di <a href=\"https:\/\/www.sejoya.fr\/it\/campeggio-castors-calvi\/\">Les Castors<\/a> \u00e8 <strong>riscaldata<\/strong> per permettere anche ai vacanzieri pi\u00f9 freddolosi di godersela!   <\/p>\n<\/div>\n<\/div>\n<\/div>\n<\/section>\n\n<section class=\"wp-block-group home-fifth page-four alt is-layout-flow wp-block-group-is-layout-flow\" style=\"margin-top:var(--wp--preset--spacing--40);margin-bottom:var(--wp--preset--spacing--20);padding-top:var(--wp--preset--spacing--20);padding-right:0;padding-bottom:var(--wp--preset--spacing--20);padding-left:0\">\n<div class=\"wp-block-columns are-vertically-aligned-center is-layout-flex wp-container-core-columns-is-layout-28232c24 wp-block-columns-is-layout-flex\">\n<div class=\"wp-block-column is-vertically-aligned-center column-left is-layout-flow wp-block-column-is-layout-flow\" style=\"padding-right:2rem;padding-left:2rem;flex-basis:33.33%\">\n<div class=\"wp-block-group gt-gsap-parallaxDown has-base-background-color has-background gt-no-padding-mobile is-layout-flow wp-block-group-is-layout-flow\" style=\"margin-bottom:var(--wp--preset--spacing--30);padding-top:var(--wp--preset--spacing--50);padding-right:4rem;padding-bottom:var(--wp--preset--spacing--50);padding-left:4rem\">\n<h2 class=\"wp-block-heading\"><strong>Area Spa<\/strong> del camping<br\/>Bella Vista a Calvi: <br\/>si prende una pausa<\/h2>\n\n\n\n<p>Il <strong>parco acquatico del campeggio S\u00e9joya Bella Vista<\/strong> ti invita a fare una <strong>pausa di benessere<\/strong>. Con le sue strutture per il relax, i bagni di bolle e i getti massaggianti, \u00e8 il luogo ideale per ricaricare le batterie dopo una giornata di attivit\u00e0 sull <a href=\"https:\/\/www.sejoya.fr\/it\/turismo-calvi\/\">&#8216;isola della Bellezza<\/a>. L&#8217;acqua vorticosa massaggia i muscoli, stimola la circolazione e ti permette di rilassarti in tutta tranquillit\u00e0, in un ambiente rilassante. Quale modo migliore per ricaricare le batterie durante le tue vacanze in Corsica?   <\/p>\n<\/div>\n<\/div>\n\n\n\n<div class=\"wp-block-column is-vertically-aligned-center column-right is-layout-flow wp-block-column-is-layout-flow\" style=\"flex-basis:66.66%\">\n<figure class=\"wp-block-gallery has-nested-images columns-default is-cropped wp-block-gallery-1 is-layout-flex wp-block-gallery-is-layout-flex\">\n<figure class=\"wp-block-image size-full\"><img data-dominant-color=\"4c7972\" data-has-transparency=\"false\" style=\"--dominant-color: #4c7972;\" decoding=\"async\" width=\"1269\" height=\"847\" data-id=\"13606\" src=\"https:\/\/www.sejoya.fr\/wp-content\/uploads\/2025\/04\/parc-aquatique-du-camping-sejoya-bella-vista-pastilles-logo.webp\" alt=\"patatine fritte del logo del parco acquatico del campeggio sejoya bella vista\" class=\"wp-image-13606 not-transparent\" srcset=\"https:\/\/www.sejoya.fr\/wp-content\/uploads\/2025\/04\/parc-aquatique-du-camping-sejoya-bella-vista-pastilles-logo.webp 1269w, https:\/\/www.sejoya.fr\/wp-content\/uploads\/2025\/04\/parc-aquatique-du-camping-sejoya-bella-vista-pastilles-logo-300x200.webp 300w, https:\/\/www.sejoya.fr\/wp-content\/uploads\/2025\/04\/parc-aquatique-du-camping-sejoya-bella-vista-pastilles-logo-1024x683.webp 1024w, https:\/\/www.sejoya.fr\/wp-content\/uploads\/2025\/04\/parc-aquatique-du-camping-sejoya-bella-vista-pastilles-logo-768x513.webp 768w\" sizes=\"(max-width: 1269px) 100vw, 1269px\" \/><\/figure>\n\n\n\n<figure class=\"wp-block-image size-full\"><img data-dominant-color=\"676c6a\" data-has-transparency=\"false\" style=\"--dominant-color: #676c6a;\" decoding=\"async\" width=\"1269\" height=\"847\" data-id=\"13611\" src=\"https:\/\/www.sejoya.fr\/wp-content\/uploads\/2025\/04\/espace-balneo-au-camping-bella-vista-de-calvi-offrez-vous-une-pause-pastilles-logo.webp\" alt=\"L'espace balneo del campeggio bella vista di calvi ti regala una pausa logo pastilles\" class=\"wp-image-13611 not-transparent\" srcset=\"https:\/\/www.sejoya.fr\/wp-content\/uploads\/2025\/04\/espace-balneo-au-camping-bella-vista-de-calvi-offrez-vous-une-pause-pastilles-logo.webp 1269w, https:\/\/www.sejoya.fr\/wp-content\/uploads\/2025\/04\/espace-balneo-au-camping-bella-vista-de-calvi-offrez-vous-une-pause-pastilles-logo-300x200.webp 300w, https:\/\/www.sejoya.fr\/wp-content\/uploads\/2025\/04\/espace-balneo-au-camping-bella-vista-de-calvi-offrez-vous-une-pause-pastilles-logo-1024x683.webp 1024w, https:\/\/www.sejoya.fr\/wp-content\/uploads\/2025\/04\/espace-balneo-au-camping-bella-vista-de-calvi-offrez-vous-une-pause-pastilles-logo-768x513.webp 768w\" sizes=\"(max-width: 1269px) 100vw, 1269px\" \/><\/figure>\n<\/figure>\n<\/div>\n<\/div>\n<\/section>\n\n<section class=\"wp-block-group home-third section-three is-layout-flow wp-block-group-is-layout-flow\" style=\"margin-top:var(--wp--preset--spacing--50);margin-bottom:0;padding-top:0;padding-bottom:0\">\n<div data-swiper=\"{&quot;speed&quot;:1000,&quot;autoplay&quot;:{&quot;delay&quot;:5000,&quot;disableOnInteraction&quot;:false},&quot;spaceBetween&quot;:0,&quot;slidesPerView&quot;:1,&quot;pagination&quot;:{&quot;el&quot;:&quot;.swiper-pagination&quot;,&quot;dynamicBullets&quot;:true,&quot;clickable&quot;:true,&quot;type&quot;:&quot;bullets&quot;},&quot;navigation&quot;:{&quot;nextEl&quot;:&quot;.swiper-button-next&quot;,&quot;prevEl&quot;:&quot;.swiper-button-prev&quot;},&quot;breakpoints&quot;:[{&quot;slidesPerView&quot;:1}]}\" class=\"wp-block-cover aligncenter has-custom-content-position is-position-bottom-center\" style=\"margin-top:0;margin-bottom:0;padding-top:12rem;padding-bottom:7rem;min-height:900px;aspect-ratio:unset;\"><img data-dominant-color=\"4d6357\" data-has-transparency=\"false\" style=\"--dominant-color: #4d6357;\" decoding=\"async\" width=\"1920\" height=\"908\" class=\"wp-block-cover__image-background wp-image-10411 not-transparent\" alt=\"activites aqualudiques groupe sejoya\" src=\"https:\/\/www.sejoya.fr\/wp-content\/uploads\/2025\/02\/activites-aqualudiques-groupe-sejoya.webp\" data-object-fit=\"cover\" srcset=\"https:\/\/www.sejoya.fr\/wp-content\/uploads\/2025\/02\/activites-aqualudiques-groupe-sejoya.webp 1920w, https:\/\/www.sejoya.fr\/wp-content\/uploads\/2025\/02\/activites-aqualudiques-groupe-sejoya-300x142.webp 300w, https:\/\/www.sejoya.fr\/wp-content\/uploads\/2025\/02\/activites-aqualudiques-groupe-sejoya-1024x484.webp 1024w, https:\/\/www.sejoya.fr\/wp-content\/uploads\/2025\/02\/activites-aqualudiques-groupe-sejoya-768x363.webp 768w, https:\/\/www.sejoya.fr\/wp-content\/uploads\/2025\/02\/activites-aqualudiques-groupe-sejoya-1536x726.webp 1536w\" sizes=\"(max-width: 1920px) 100vw, 1920px\" \/><span aria-hidden=\"true\" class=\"wp-block-cover__background has-background-dim-80 has-background-dim wp-block-cover__gradient-background has-background-gradient\" style=\"background:linear-gradient(180deg,rgba(0,0,0,0) 0%,rgba(0,0,0,0.6) 100%)\"><\/span><div class=\"wp-block-cover__inner-container has-global-padding is-layout-constrained wp-block-cover-is-layout-constrained\">\n<h2 class=\"wp-block-heading has-text-align-center has-base-color has-text-color has-link-color wp-elements-f12650e0f090226b16fff6dba6d3c805\"><strong>Attivit\u00e0 acquatiche<\/strong><\/h2>\n\n\n\n<p class=\"has-text-align-center has-base-color has-text-color has-link-color wp-elements-fadddd9f196dbc55ab77ad16aa7f8180\">Molto pi\u00f9 che semplici piscine, i parchi acquatici dei campeggi S\u00e9joya ti invitano a <strong>fare il pieno di attivit\u00e0<\/strong>. Con cascate, scivoli, idromassaggi, pontili, torrette e giochi d&#8217;acqua, ognuno di essi ti offre un <strong>mondo completo di acqua e nuoto<\/strong>. Le piscine sono abbastanza spaziose per nuotare, semplicemente. Puoi anche approfittare delle sessioni di aquabike per tenerti in forma durante il tuo soggiorno!    <br\/><br\/><img decoding=\"async\" width=\"143\" height=\"149\" class=\"wp-image-389\" style=\"width: 25px;margin-bottom: 7px;\" src=\"https:\/\/www.sejoya.fr\/wp-content\/uploads\/2024\/10\/icones-sejoya-les-castors.svg\" alt=\"icones-sejoya-les-castors\"\/><img decoding=\"async\" width=\"200\" height=\"43\" class=\"wp-image-3487\" style=\"width: 200px;\" src=\"https:\/\/www.sejoya.fr\/wp-content\/uploads\/2024\/12\/logo-castors-camping-sejoya-mini.webp\" alt=\"icones-sejoya-les-castors\" srcset=\"https:\/\/www.sejoya.fr\/wp-content\/uploads\/2024\/12\/logo-castors-camping-sejoya-mini.webp 700w, https:\/\/www.sejoya.fr\/wp-content\/uploads\/2024\/12\/logo-castors-camping-sejoya-mini-300x64.webp 300w\" sizes=\"(max-width: 200px) 100vw, 200px\" \/><\/p>\n<\/div><\/div>\n<\/section>\n\n<div class=\"wp-block-group home-fourth section-cta has-global-padding is-layout-constrained wp-block-group-is-layout-constrained\" style=\"padding-top:var(--wp--preset--spacing--50);padding-bottom:var(--wp--preset--spacing--50)\">\n<p class=\"has-accent-color has-text-color has-link-color has-nothing-you-could-do-font-family has-x-large-font-size wp-elements-3c46710a388d679191c196276f0c27af\" style=\"margin-bottom:var(--wp--preset--spacing--20)\">Scopri i nostri eventi, alloggi e servizi<\/p>\n\n\n\n<div class=\"wp-block-query is-layout-flow wp-block-query-is-layout-flow\"><ul class=\"columns-3 wp-block-post-template is-layout-grid wp-container-core-post-template-is-layout-6d3fbd8f wp-block-post-template-is-layout-grid\"><li class=\"wp-block-post post-11808 page type-page status-publish has-post-thumbnail hentry\">\n\n<figure class=\"wp-block-image\"><img decoding=\"async\" src=\"https:\/\/www.sejoya.fr\/wp-content\/uploads\/2025\/02\/camping-animations-corse-groupe-sejoya-a-calvi-cta.webp\" alt=\"campeggio animazioni corsica gruppo sejoya a calvi\"\/><\/figure>\n\n\n\n<p>I nostri intrattenimento<\/p>\n\n\n<a class=\"is-style-lien-cover wp-block-read-more\" href=\"https:\/\/www.sejoya.fr\/it\/campeggio-intrattenimento-corsica\/\" target=\"_self\">Leggi tutto<span class=\"screen-reader-text\">: Intrattenimento<\/span><\/a>\n<\/li><li class=\"wp-block-post post-11846 page type-page status-publish has-post-thumbnail hentry\">\n\n<figure class=\"wp-block-image\"><img decoding=\"async\" src=\"https:\/\/www.sejoya.fr\/wp-content\/uploads\/2025\/02\/location-mobil-home-corse-groupe-sejoya-a-calvi-cta.webp\" alt=\"affitto casa mobile corsica groupe sejoya a calvi\"\/><\/figure>\n\n\n\n<p>Noleggio di case mobili<\/p>\n\n\n<a class=\"is-style-lien-cover wp-block-read-more\" href=\"https:\/\/www.sejoya.fr\/it\/affitto-di-casa-mobile-corsica\/\" target=\"_self\">Leggi tutto<span class=\"screen-reader-text\">: Alloggio<\/span><\/a>\n<\/li><li class=\"wp-block-post post-11817 page type-page status-publish has-post-thumbnail hentry\">\n\n<figure class=\"wp-block-image\"><img decoding=\"async\" src=\"https:\/\/www.sejoya.fr\/wp-content\/uploads\/2025\/02\/camping-familial-corse-cta.webp\" alt=\"Campeggio per famiglie in Corsica\"\/><\/figure>\n\n\n\n<p>I nostri servizi<\/p>\n\n\n<a class=\"is-style-lien-cover wp-block-read-more\" href=\"https:\/\/www.sejoya.fr\/it\/campeggio-per-famiglie-corsica\/\" target=\"_self\">Leggi tutto<span class=\"screen-reader-text\">: I nostri servizi<\/span><\/a>\n<\/li><\/ul><\/div>\n<\/div>\n","protected":false},"excerpt":{"rendered":"<p>Parchi acquatici e piscine nel cuore di Calvi Divertimento nel nostro parco acquatico conscivoli in Corsica I parchi acquatici di S\u00e9joya sono fatti per l&#8217;esercizio fisico e il divertimento. Tra il pentagliss del complesso Beavers e le curve dei grandi scivoli del Bella Vista, gli amanti degli acquascivoli avranno di che divertirsi. Le strutture sono [&hellip;]<\/p>\n","protected":false},"author":1,"featured_media":10110,"parent":0,"menu_order":0,"comment_status":"closed","ping_status":"closed","template":"","meta":{"_acf_changed":false,"_seopress_robots_primary_cat":"","_seopress_titles_title":"Campeggi parchi acquatici a Calvi | Piscine e parchi acquatici in Corsica","_seopress_titles_desc":"I nostri campeggi S\u00e9joya dispongono di grandi e sublimi parchi acquatici a Calvi, in Corsica: scivoli, getti d'acqua, laguna, balneoterapia, sdraio e ombrelloni...","_seopress_robots_index":"","inline_featured_image":false,"gt_fse_maillage_image":"https:\/\/www.sejoya.fr\/wp-content\/uploads\/2025\/02\/campings-parcs-aquatiques-corse-cta.webp","gt_fse_maillage_titre":"Spazi d'acqua","gt_fse_maillage_alt":"campeggi parchi acquatici corsica","gt_fse_maillage_resume":"","footnotes":""},"categories":[],"tags":[],"class_list":["post-11850","page","type-page","status-publish","has-post-thumbnail","hentry"],"acf":[],"_links":{"self":[{"href":"https:\/\/www.sejoya.fr\/it\/wp-json\/wp\/v2\/pages\/11850","targetHints":{"allow":["GET"]}}],"collection":[{"href":"https:\/\/www.sejoya.fr\/it\/wp-json\/wp\/v2\/pages"}],"about":[{"href":"https:\/\/www.sejoya.fr\/it\/wp-json\/wp\/v2\/types\/page"}],"author":[{"embeddable":true,"href":"https:\/\/www.sejoya.fr\/it\/wp-json\/wp\/v2\/users\/1"}],"replies":[{"embeddable":true,"href":"https:\/\/www.sejoya.fr\/it\/wp-json\/wp\/v2\/comments?post=11850"}],"version-history":[{"count":8,"href":"https:\/\/www.sejoya.fr\/it\/wp-json\/wp\/v2\/pages\/11850\/revisions"}],"predecessor-version":[{"id":13939,"href":"https:\/\/www.sejoya.fr\/it\/wp-json\/wp\/v2\/pages\/11850\/revisions\/13939"}],"wp:featuredmedia":[{"embeddable":true,"href":"https:\/\/www.sejoya.fr\/it\/wp-json\/wp\/v2\/media\/10110"}],"wp:attachment":[{"href":"https:\/\/www.sejoya.fr\/it\/wp-json\/wp\/v2\/media?parent=11850"}],"wp:term":[{"taxonomy":"category","embeddable":true,"href":"https:\/\/www.sejoya.fr\/it\/wp-json\/wp\/v2\/categories?post=11850"},{"taxonomy":"post_tag","embeddable":true,"href":"https:\/\/www.sejoya.fr\/it\/wp-json\/wp\/v2\/tags?post=11850"}],"curies":[{"name":"wp","href":"https:\/\/api.w.org\/{rel}","templated":true}]}}